{"id":571,"date":"2020-01-09T10:47:02","date_gmt":"2020-01-09T10:47:02","guid":{"rendered":"https:\/\/lemacarton.ro\/despre-noi\/"},"modified":"2020-03-12T09:54:40","modified_gmt":"2020-03-12T09:54:40","slug":"despre-noi","status":"publish","type":"page","link":"https:\/\/lemacarton.ro\/ro\/despre-noi\/","title":{"rendered":"Despre Noi"},"content":{"rendered":"\t\t<div data-elementor-type=\"wp-page\" data-elementor-id=\"571\" class=\"elementor elementor-571 elementor-486\" data-elementor-post-type=\"page\">\n\t\t\t\t\t\t<section class=\"elementor-section elementor-top-section elementor-element elementor-element-23132b0 elementor-section-boxed elementor-section-height-default elementor-section-height-default\" data-id=\"23132b0\" data-element_type=\"section\" data-settings=\"{&quot;jet_parallax_layout_list&quot;:[{&quot;jet_parallax_layout_image&quot;:{&quot;url&quot;:&quot;&quot;,&quot;id&quot;:&quot;&quot;,&quot;size&quot;:&quot;&quot;},&quot;_id&quot;:&quot;a18dddb&quot;,&quot;jet_parallax_layout_image_tablet&quot;:{&quot;url&quot;:&quot;&quot;,&quot;id&quot;:&quot;&quot;,&quot;size&quot;:&quot;&quot;},&quot;jet_parallax_layout_image_mobile&quot;:{&quot;url&quot;:&quot;&quot;,&quot;id&quot;:&quot;&quot;,&quot;size&quot;:&quot;&quot;},&quot;jet_parallax_layout_speed&quot;:{&quot;unit&quot;:&quot;%&quot;,&quot;size&quot;:50,&quot;sizes&quot;:[]},&quot;jet_parallax_layout_type&quot;:&quot;scroll&quot;,&quot;jet_parallax_layout_direction&quot;:null,&quot;jet_parallax_layout_fx_direction&quot;:null,&quot;jet_parallax_layout_z_index&quot;:&quot;&quot;,&quot;jet_parallax_layout_bg_x&quot;:50,&quot;jet_parallax_layout_bg_y&quot;:50,&quot;jet_parallax_layout_bg_size&quot;:&quot;auto&quot;,&quot;jet_parallax_layout_animation_prop&quot;:&quot;transform&quot;,&quot;jet_parallax_layout_on&quot;:[&quot;desktop&quot;,&quot;tablet&quot;],&quot;jet_parallax_layout_bg_x_tablet&quot;:&quot;&quot;,&quot;jet_parallax_layout_bg_x_mobile&quot;:&quot;&quot;,&quot;jet_parallax_layout_bg_y_tablet&quot;:&quot;&quot;,&quot;jet_parallax_layout_bg_y_mobile&quot;:&quot;&quot;,&quot;jet_parallax_layout_bg_size_tablet&quot;:&quot;&quot;,&quot;jet_parallax_layout_bg_size_mobile&quot;:&quot;&quot;}]}\">\n\t\t\t\t\t\t<div class=\"elementor-container elementor-column-gap-default\">\n\t\t\t\t\t<div class=\"elementor-column elementor-col-100 elementor-top-column elementor-element elementor-element-61945d7\" data-id=\"61945d7\" data-element_type=\"column\">\n\t\t\t<div class=\"elementor-widget-wrap elementor-element-populated\">\n\t\t\t\t\t\t<div class=\"elementor-element elementor-element-b60ad8b elementor-widget elementor-widget-theme-post-title elementor-page-title elementor-widget-heading\" data-id=\"b60ad8b\" data-element_type=\"widget\" data-widget_type=\"theme-post-title.default\">\n\t\t\t\t<div class=\"elementor-widget-container\">\n\t\t\t<h1 class=\"elementor-heading-title elementor-size-default\">Despre Noi<\/h1>\t\t<\/div>\n\t\t\t\t<\/div>\n\t\t\t\t\t<\/div>\n\t\t<\/div>\n\t\t\t\t\t<\/div>\n\t\t<\/section>\n\t\t\t\t<section class=\"elementor-section elementor-top-section elementor-element elementor-element-16380dd elementor-section-boxed elementor-section-height-default elementor-section-height-default\" data-id=\"16380dd\" data-element_type=\"section\" data-settings=\"{&quot;jet_parallax_layout_list&quot;:[{&quot;jet_parallax_layout_image&quot;:{&quot;url&quot;:&quot;&quot;,&quot;id&quot;:&quot;&quot;,&quot;size&quot;:&quot;&quot;},&quot;_id&quot;:&quot;c12a6b6&quot;,&quot;jet_parallax_layout_image_tablet&quot;:{&quot;url&quot;:&quot;&quot;,&quot;id&quot;:&quot;&quot;,&quot;size&quot;:&quot;&quot;},&quot;jet_parallax_layout_image_mobile&quot;:{&quot;url&quot;:&quot;&quot;,&quot;id&quot;:&quot;&quot;,&quot;size&quot;:&quot;&quot;},&quot;jet_parallax_layout_speed&quot;:{&quot;unit&quot;:&quot;%&quot;,&quot;size&quot;:50,&quot;sizes&quot;:[]},&quot;jet_parallax_layout_type&quot;:&quot;scroll&quot;,&quot;jet_parallax_layout_direction&quot;:null,&quot;jet_parallax_layout_fx_direction&quot;:null,&quot;jet_parallax_layout_z_index&quot;:&quot;&quot;,&quot;jet_parallax_layout_bg_x&quot;:50,&quot;jet_parallax_layout_bg_y&quot;:50,&quot;jet_parallax_layout_bg_size&quot;:&quot;auto&quot;,&quot;jet_parallax_layout_animation_prop&quot;:&quot;transform&quot;,&quot;jet_parallax_layout_on&quot;:[&quot;desktop&quot;,&quot;tablet&quot;],&quot;jet_parallax_layout_bg_x_tablet&quot;:&quot;&quot;,&quot;jet_parallax_layout_bg_x_mobile&quot;:&quot;&quot;,&quot;jet_parallax_layout_bg_y_tablet&quot;:&quot;&quot;,&quot;jet_parallax_layout_bg_y_mobile&quot;:&quot;&quot;,&quot;jet_parallax_layout_bg_size_tablet&quot;:&quot;&quot;,&quot;jet_parallax_layout_bg_size_mobile&quot;:&quot;&quot;}]}\">\n\t\t\t\t\t\t<div class=\"elementor-container elementor-column-gap-default\">\n\t\t\t\t\t<div class=\"elementor-column elementor-col-50 elementor-top-column elementor-element elementor-element-bdbb8d8\" data-id=\"bdbb8d8\" data-element_type=\"column\">\n\t\t\t<div class=\"elementor-widget-wrap elementor-element-populated\">\n\t\t\t\t\t\t<div class=\"elementor-element elementor-element-d5bc3bd elementor-drop-cap-yes elementor-drop-cap-view-default elementor-widget elementor-widget-text-editor\" data-id=\"d5bc3bd\" data-element_type=\"widget\" data-settings=\"{&quot;drop_cap&quot;:&quot;yes&quot;}\" data-widget_type=\"text-editor.default\">\n\t\t\t\t<div class=\"elementor-widget-container\">\n\t\t\t\t\t\t\t<p>Societatea opereaza in sectorul ambalajului de carton ondulat. Putem afirma ca in ceea ce priveste ambalajele din carton, compania noastra a acumulat experienta necesara pentru a fi in permanenta concordanta cu tendintele actuale de ambalare. Echipamentele de inalta precizie si productivitate fac din lema carton un partener ideal atunci cand calitatea si promptitudinea sunt obiectivele principale ale clientilor. Firma noastra vine in sprijinul clientilor cu o echipa de profesionisti experimentati care pot oferi consultanta de specialitate in ceea ce priveste calitatea, forma si eficienta unui ambalaj din carton.<\/p>\n<p>&nbsp;<\/p>\n<p>LEMA Carton confectioneaza din carton ondulat atat alimentar cat si industrial , de calitate superioara si comercializeaza la preturi competitive urmatoarele tipuri de ambalaje:<\/p>\n<ul>\n<li>Ambalaje industriale<\/li>\n<li>Cutii pentru pizza<\/li>\n<li>Cutii din carton.<\/li>\n<\/ul>\n<p>In calitate de producatori va propunem solutii complete pentru:<\/p>\n<ul>\n<li>Tehnoredactare, grafica, design<\/li>\n<li>Inscriptionarea<\/li>\n<li>Productie industriala la serii mici, mijlocii si mari<\/li>\n<\/ul>\n<p>In prezent sc lema carton srl are implementat si certificat un sistem integrat de management calitate, in conformitate cu cerintele ISO 9001\/2008.<\/p>\n<p>Cartonul ondulat pentru cutii pizza sunt analizate si certificate ca si \u201ecarton alimentar imprimat\u201d certificat de institutul national de cercetare &#8211; dezvoltare pentru bioresurse alimentare \u2013 iba bucuresti<\/p>\n<p>In producerea ambalajelor din carton de orice dimensiune folosim toate tipurile de carton ondulat (ondula e; b; c; eb; bc) in functie de exigentiile si necesitatile clientului. Cartonul ondulat reprezinta ambalajul ideal pentru mai multe tipuri de produse: industriale, alimentare, cosmetice etc.<\/p>\n<p>Suntem constienti de faptul ca sectorul productiv are nevoie de ambalaje realizate la un nivel calitativ tot mai ridicat in consens cu cerintele uniunii europene. In acest sens am dori ca si dvs. Sa apelati cu incredere la serviciile noastre.<\/p>\n\t\t\t\t\t\t<\/div>\n\t\t\t\t<\/div>\n\t\t\t\t\t<\/div>\n\t\t<\/div>\n\t\t\t\t<div class=\"elementor-column elementor-col-50 elementor-top-column elementor-element elementor-element-d21eed7\" data-id=\"d21eed7\" data-element_type=\"column\">\n\t\t\t<div class=\"elementor-widget-wrap elementor-element-populated\">\n\t\t\t\t\t\t<div class=\"elementor-element elementor-element-c25fb54 elementor-widget elementor-widget-image\" data-id=\"c25fb54\" data-element_type=\"widget\" data-widget_type=\"image.default\">\n\t\t\t\t<div class=\"elementor-widget-container\">\n\t\t\t\t\t\t\t\t\t\t\t\t\t<img decoding=\"async\" src=\"https:\/\/lemacarton.ro\/wp-content\/plugins\/elementor\/assets\/images\/placeholder.png\" title=\"\" alt=\"\" loading=\"lazy\" \/>\t\t\t\t\t\t\t\t\t\t\t\t\t<\/div>\n\t\t\t\t<\/div>\n\t\t\t\t\t<\/div>\n\t\t<\/div>\n\t\t\t\t\t<\/div>\n\t\t<\/section>\n\t\t\t\t<section class=\"elementor-section elementor-top-section elementor-element elementor-element-09ef447 elementor-section-boxed elementor-section-height-default elementor-section-height-default\" data-id=\"09ef447\" data-element_type=\"section\" data-settings=\"{&quot;jet_parallax_layout_list&quot;:[{&quot;jet_parallax_layout_image&quot;:{&quot;url&quot;:&quot;&quot;,&quot;id&quot;:&quot;&quot;,&quot;size&quot;:&quot;&quot;},&quot;_id&quot;:&quot;ad73098&quot;,&quot;jet_parallax_layout_image_tablet&quot;:{&quot;url&quot;:&quot;&quot;,&quot;id&quot;:&quot;&quot;,&quot;size&quot;:&quot;&quot;},&quot;jet_parallax_layout_image_mobile&quot;:{&quot;url&quot;:&quot;&quot;,&quot;id&quot;:&quot;&quot;,&quot;size&quot;:&quot;&quot;},&quot;jet_parallax_layout_speed&quot;:{&quot;unit&quot;:&quot;%&quot;,&quot;size&quot;:50,&quot;sizes&quot;:[]},&quot;jet_parallax_layout_type&quot;:&quot;scroll&quot;,&quot;jet_parallax_layout_direction&quot;:null,&quot;jet_parallax_layout_fx_direction&quot;:null,&quot;jet_parallax_layout_z_index&quot;:&quot;&quot;,&quot;jet_parallax_layout_bg_x&quot;:50,&quot;jet_parallax_layout_bg_y&quot;:50,&quot;jet_parallax_layout_bg_size&quot;:&quot;auto&quot;,&quot;jet_parallax_layout_animation_prop&quot;:&quot;transform&quot;,&quot;jet_parallax_layout_on&quot;:[&quot;desktop&quot;,&quot;tablet&quot;],&quot;jet_parallax_layout_bg_x_tablet&quot;:&quot;&quot;,&quot;jet_parallax_layout_bg_x_mobile&quot;:&quot;&quot;,&quot;jet_parallax_layout_bg_y_tablet&quot;:&quot;&quot;,&quot;jet_parallax_layout_bg_y_mobile&quot;:&quot;&quot;,&quot;jet_parallax_layout_bg_size_tablet&quot;:&quot;&quot;,&quot;jet_parallax_layout_bg_size_mobile&quot;:&quot;&quot;}]}\">\n\t\t\t\t\t\t<div class=\"elementor-container elementor-column-gap-default\">\n\t\t\t\t\t<div class=\"elementor-column elementor-col-100 elementor-top-column elementor-element elementor-element-3f5a343\" data-id=\"3f5a343\" data-element_type=\"column\">\n\t\t\t<div class=\"elementor-widget-wrap elementor-element-populated\">\n\t\t\t\t\t\t<div class=\"elementor-element elementor-element-59b5482 elementor-widget elementor-widget-jet-video\" data-id=\"59b5482\" data-element_type=\"widget\" data-widget_type=\"jet-video.default\">\n\t\t\t\t<div class=\"elementor-widget-container\">\n\t\t\t<div class=\"elementor-jet-video jet-elements\">\n<div class=\"jet-video jet-video--fa5-compat jet-video-aspect-ratio jet-video-aspect-ratio--16-9\" data-settings=\"{&quot;lightbox&quot;:false,&quot;autoplay&quot;:false}\"><iframe class=\"jet-video-iframe\" allowfullscreen allow=\"autoplay;encrypted-media\" title=\"Player video youtube\" data-lazy-load=\"https:\/\/www.youtube.com\/embed\/KQ_tqgnvJdQ?feature=oembed&amp;start&amp;end&amp;wmode=opaque&amp;autoplay=0&amp;loop=0&amp;controls=1&amp;mute=0&amp;rel=0&amp;modestbranding=0\"><\/iframe>\n<div class=\"jet-video__overlay jet-video__overlay--custom-bg\" style=\"background-image: url(https:\/\/i.ytimg.com\/vi_webp\/KQ_tqgnvJdQ\/maxresdefault.webp);\">\n<div class=\"jet-video__play-button\" role=\"button\" tabindex=\"0\" aria-label=\"Video play button\"><span class=\"jet-elements-icon jet-video__play-button-icon\"><i aria-hidden=\"true\" class=\"fas fa-play\"><\/i><\/span>\t<span class=\"elementor-screen-only\">Play Video<\/span>\n<\/div>\n<\/div>\n<\/div>\n<\/div>\t\t<\/div>\n\t\t\t\t<\/div>\n\t\t\t\t\t<\/div>\n\t\t<\/div>\n\t\t\t\t\t<\/div>\n\t\t<\/section>\n\t\t\t\t<section class=\"elementor-section elementor-top-section elementor-element elementor-element-6e53515 elementor-section-stretched elementor-section-full_width elementor-section-height-default elementor-section-height-default\" data-id=\"6e53515\" data-element_type=\"section\" data-settings=\"{&quot;stretch_section&quot;:&quot;section-stretched&quot;,&quot;jet_parallax_layout_list&quot;:[{&quot;jet_parallax_layout_image&quot;:{&quot;url&quot;:&quot;&quot;,&quot;id&quot;:&quot;&quot;,&quot;size&quot;:&quot;&quot;},&quot;_id&quot;:&quot;aee0e7d&quot;,&quot;jet_parallax_layout_image_tablet&quot;:{&quot;url&quot;:&quot;&quot;,&quot;id&quot;:&quot;&quot;,&quot;size&quot;:&quot;&quot;},&quot;jet_parallax_layout_image_mobile&quot;:{&quot;url&quot;:&quot;&quot;,&quot;id&quot;:&quot;&quot;,&quot;size&quot;:&quot;&quot;},&quot;jet_parallax_layout_speed&quot;:{&quot;unit&quot;:&quot;%&quot;,&quot;size&quot;:50,&quot;sizes&quot;:[]},&quot;jet_parallax_layout_type&quot;:&quot;scroll&quot;,&quot;jet_parallax_layout_z_index&quot;:&quot;&quot;,&quot;jet_parallax_layout_bg_x&quot;:50,&quot;jet_parallax_layout_bg_y&quot;:50,&quot;jet_parallax_layout_bg_size&quot;:&quot;auto&quot;,&quot;jet_parallax_layout_animation_prop&quot;:&quot;transform&quot;,&quot;jet_parallax_layout_on&quot;:[&quot;desktop&quot;,&quot;tablet&quot;],&quot;jet_parallax_layout_direction&quot;:null,&quot;jet_parallax_layout_fx_direction&quot;:null,&quot;jet_parallax_layout_bg_x_tablet&quot;:&quot;&quot;,&quot;jet_parallax_layout_bg_x_mobile&quot;:&quot;&quot;,&quot;jet_parallax_layout_bg_y_tablet&quot;:&quot;&quot;,&quot;jet_parallax_layout_bg_y_mobile&quot;:&quot;&quot;,&quot;jet_parallax_layout_bg_size_tablet&quot;:&quot;&quot;,&quot;jet_parallax_layout_bg_size_mobile&quot;:&quot;&quot;}]}\">\n\t\t\t\t\t\t<div class=\"elementor-container elementor-column-gap-default\">\n\t\t\t\t\t<div class=\"elementor-column elementor-col-100 elementor-top-column elementor-element elementor-element-00ce60e\" data-id=\"00ce60e\" data-element_type=\"column\">\n\t\t\t<div class=\"elementor-widget-wrap elementor-element-populated\">\n\t\t\t\t\t\t<div class=\"elementor-element elementor-element-e21dbf3 elementor-widget elementor-widget-html\" data-id=\"e21dbf3\" data-element_type=\"widget\" data-widget_type=\"html.default\">\n\t\t\t\t<div class=\"elementor-widget-container\">\n\t\t\t<iframe src=\"https:\/\/www.google.com\/maps\/embed?pb=!1m18!1m12!1m3!1d2264.0846760490203!2d21.66260248218534!3d46.79192544103077!2m3!1f0!2f0!3f0!3m2!1i1024!2i768!4f13.1!3m3!1m2!1s0x47466d93bf9e6cf7%3A0x2994762c2cf1f422!2sVan%20Carton%20S.R.L.!5e0!3m2!1sen!2sro!4v1570208949114!5m2!1sen!2sro\" width=\"100%\" height=\"800px\" frameborder=\"0\" style=\"border:0;\" allowfullscreen=\"\"><\/iframe>\t\t<\/div>\n\t\t\t\t<\/div>\n\t\t\t\t\t<\/div>\n\t\t<\/div>\n\t\t\t\t\t<\/div>\n\t\t<\/section>\n\t\t\t\t<\/div>\n\t\t","protected":false},"excerpt":{"rendered":"<p>Societatea opereaza in sectorul ambalajului de carton ondulat. Putem afirma ca in ceea ce priveste ambalajele din carton, compania noastra a acumulat experienta necesara pentru a fi in permanenta concordanta cu tendintele actuale de ambalare. Echipamentele de inalta precizie si productivitate fac din lema carton un partener ideal atunci cand calitatea si promptitudinea sunt obiectivele [&hellip;]<\/p>\n","protected":false},"author":42,"featured_media":0,"parent":0,"menu_order":0,"comment_status":"closed","ping_status":"closed","template":"elementor_header_footer","meta":{"_jf_save_progress":"","_jet_sm_ready_style":"","_jet_sm_style":"","_jet_sm_controls_values":"","_jet_sm_fonts_collection":"","_jet_sm_fonts_links":"","footnotes":""},"class_list":["post-571","page","type-page","status-publish","hentry"],"yoast_head":"<!-- This site is optimized with the Yoast SEO plugin v22.2 - https:\/\/yoast.com\/wordpress\/plugins\/seo\/ -->\n<title>Despre Noi Producatori de cutii Pizza - Lemacarton<\/title>\n<meta name=\"description\" content=\"Lema Carton este considerat cel mai mare producator de ambalaje alimentare din carton ondulat \u00een Romania. Respect\u0103m toate reglement\u0103rile UE.\" \/>\n<meta name=\"robots\" content=\"index, follow, max-snippet:-1, max-image-preview:large, max-video-preview:-1\" \/>\n<link rel=\"canonical\" href=\"https:\/\/lemacarton.ro\/ro\/despre-noi\/\" \/>\n<meta property=\"og:locale\" content=\"ro_RO\" \/>\n<meta property=\"og:type\" content=\"article\" \/>\n<meta property=\"og:title\" content=\"Despre Noi Producatori de cutii Pizza - Lemacarton\" \/>\n<meta property=\"og:description\" content=\"Lema Carton este considerat cel mai mare producator de ambalaje alimentare din carton ondulat \u00een Romania. Respect\u0103m toate reglement\u0103rile UE.\" \/>\n<meta property=\"og:url\" content=\"https:\/\/lemacarton.ro\/ro\/despre-noi\/\" \/>\n<meta property=\"og:site_name\" content=\"Lemacarton\" \/>\n<meta property=\"article:modified_time\" content=\"2020-03-12T09:54:40+00:00\" \/>\n<meta property=\"og:image\" content=\"https:\/\/lemacarton.ro\/wp-content\/plugins\/elementor\/assets\/images\/placeholder.png\" \/>\n<meta name=\"twitter:card\" content=\"summary_large_image\" \/>\n<meta name=\"twitter:label1\" content=\"Timp estimat pentru citire\" \/>\n\t<meta name=\"twitter:data1\" content=\"1 minut\" \/>\n<script type=\"application\/ld+json\" class=\"yoast-schema-graph\">{\"@context\":\"https:\/\/schema.org\",\"@graph\":[{\"@type\":\"WebPage\",\"@id\":\"https:\/\/lemacarton.ro\/ro\/despre-noi\/\",\"url\":\"https:\/\/lemacarton.ro\/ro\/despre-noi\/\",\"name\":\"Despre Noi Producatori de cutii Pizza - Lemacarton\",\"isPartOf\":{\"@id\":\"https:\/\/lemacarton.ro\/ro\/#website\"},\"primaryImageOfPage\":{\"@id\":\"https:\/\/lemacarton.ro\/ro\/despre-noi\/#primaryimage\"},\"image\":{\"@id\":\"https:\/\/lemacarton.ro\/ro\/despre-noi\/#primaryimage\"},\"thumbnailUrl\":\"https:\/\/lemacarton.ro\/wp-content\/plugins\/elementor\/assets\/images\/placeholder.png\",\"datePublished\":\"2020-01-09T10:47:02+00:00\",\"dateModified\":\"2020-03-12T09:54:40+00:00\",\"description\":\"Lema Carton este considerat cel mai mare producator de ambalaje alimentare din carton ondulat \u00een Romania. Respect\u0103m toate reglement\u0103rile UE.\",\"breadcrumb\":{\"@id\":\"https:\/\/lemacarton.ro\/ro\/despre-noi\/#breadcrumb\"},\"inLanguage\":\"ro-RO\",\"potentialAction\":[{\"@type\":\"ReadAction\",\"target\":[\"https:\/\/lemacarton.ro\/ro\/despre-noi\/\"]}]},{\"@type\":\"ImageObject\",\"inLanguage\":\"ro-RO\",\"@id\":\"https:\/\/lemacarton.ro\/ro\/despre-noi\/#primaryimage\",\"url\":\"https:\/\/lemacarton.ro\/wp-content\/plugins\/elementor\/assets\/images\/placeholder.png\",\"contentUrl\":\"https:\/\/lemacarton.ro\/wp-content\/plugins\/elementor\/assets\/images\/placeholder.png\"},{\"@type\":\"BreadcrumbList\",\"@id\":\"https:\/\/lemacarton.ro\/ro\/despre-noi\/#breadcrumb\",\"itemListElement\":[{\"@type\":\"ListItem\",\"position\":1,\"name\":\"Home\",\"item\":\"https:\/\/lemacarton.ro\/ro\/\"},{\"@type\":\"ListItem\",\"position\":2,\"name\":\"Despre Noi\"}]},{\"@type\":\"WebSite\",\"@id\":\"https:\/\/lemacarton.ro\/ro\/#website\",\"url\":\"https:\/\/lemacarton.ro\/ro\/\",\"name\":\"Lemacarton\",\"description\":\"\",\"publisher\":{\"@id\":\"https:\/\/lemacarton.ro\/ro\/#organization\"},\"potentialAction\":[{\"@type\":\"SearchAction\",\"target\":{\"@type\":\"EntryPoint\",\"urlTemplate\":\"https:\/\/lemacarton.ro\/ro\/?s={search_term_string}\"},\"query-input\":\"required name=search_term_string\"}],\"inLanguage\":\"ro-RO\"},{\"@type\":\"Organization\",\"@id\":\"https:\/\/lemacarton.ro\/ro\/#organization\",\"name\":\"Lemacarton\",\"url\":\"https:\/\/lemacarton.ro\/ro\/\",\"logo\":{\"@type\":\"ImageObject\",\"inLanguage\":\"ro-RO\",\"@id\":\"https:\/\/lemacarton.ro\/ro\/#\/schema\/logo\/image\/\",\"url\":\"https:\/\/lemacarton.ro\/wp-content\/uploads\/2020\/12\/logo-lemacarton-favicon.png\",\"contentUrl\":\"https:\/\/lemacarton.ro\/wp-content\/uploads\/2020\/12\/logo-lemacarton-favicon.png\",\"width\":160,\"height\":160,\"caption\":\"Lemacarton\"},\"image\":{\"@id\":\"https:\/\/lemacarton.ro\/ro\/#\/schema\/logo\/image\/\"}}]}<\/script>\n<!-- \/ Yoast SEO plugin. -->","yoast_head_json":{"title":"Despre Noi Producatori de cutii Pizza - Lemacarton","description":"Lema Carton este considerat cel mai mare producator de ambalaje alimentare din carton ondulat \u00een Romania. Respect\u0103m toate reglement\u0103rile UE.","robots":{"index":"index","follow":"follow","max-snippet":"max-snippet:-1","max-image-preview":"max-image-preview:large","max-video-preview":"max-video-preview:-1"},"canonical":"https:\/\/lemacarton.ro\/ro\/despre-noi\/","og_locale":"ro_RO","og_type":"article","og_title":"Despre Noi Producatori de cutii Pizza - Lemacarton","og_description":"Lema Carton este considerat cel mai mare producator de ambalaje alimentare din carton ondulat \u00een Romania. Respect\u0103m toate reglement\u0103rile UE.","og_url":"https:\/\/lemacarton.ro\/ro\/despre-noi\/","og_site_name":"Lemacarton","article_modified_time":"2020-03-12T09:54:40+00:00","og_image":[{"url":"https:\/\/lemacarton.ro\/wp-content\/plugins\/elementor\/assets\/images\/placeholder.png"}],"twitter_card":"summary_large_image","twitter_misc":{"Timp estimat pentru citire":"1 minut"},"schema":{"@context":"https:\/\/schema.org","@graph":[{"@type":"WebPage","@id":"https:\/\/lemacarton.ro\/ro\/despre-noi\/","url":"https:\/\/lemacarton.ro\/ro\/despre-noi\/","name":"Despre Noi Producatori de cutii Pizza - Lemacarton","isPartOf":{"@id":"https:\/\/lemacarton.ro\/ro\/#website"},"primaryImageOfPage":{"@id":"https:\/\/lemacarton.ro\/ro\/despre-noi\/#primaryimage"},"image":{"@id":"https:\/\/lemacarton.ro\/ro\/despre-noi\/#primaryimage"},"thumbnailUrl":"https:\/\/lemacarton.ro\/wp-content\/plugins\/elementor\/assets\/images\/placeholder.png","datePublished":"2020-01-09T10:47:02+00:00","dateModified":"2020-03-12T09:54:40+00:00","description":"Lema Carton este considerat cel mai mare producator de ambalaje alimentare din carton ondulat \u00een Romania. Respect\u0103m toate reglement\u0103rile UE.","breadcrumb":{"@id":"https:\/\/lemacarton.ro\/ro\/despre-noi\/#breadcrumb"},"inLanguage":"ro-RO","potentialAction":[{"@type":"ReadAction","target":["https:\/\/lemacarton.ro\/ro\/despre-noi\/"]}]},{"@type":"ImageObject","inLanguage":"ro-RO","@id":"https:\/\/lemacarton.ro\/ro\/despre-noi\/#primaryimage","url":"https:\/\/lemacarton.ro\/wp-content\/plugins\/elementor\/assets\/images\/placeholder.png","contentUrl":"https:\/\/lemacarton.ro\/wp-content\/plugins\/elementor\/assets\/images\/placeholder.png"},{"@type":"BreadcrumbList","@id":"https:\/\/lemacarton.ro\/ro\/despre-noi\/#breadcrumb","itemListElement":[{"@type":"ListItem","position":1,"name":"Home","item":"https:\/\/lemacarton.ro\/ro\/"},{"@type":"ListItem","position":2,"name":"Despre Noi"}]},{"@type":"WebSite","@id":"https:\/\/lemacarton.ro\/ro\/#website","url":"https:\/\/lemacarton.ro\/ro\/","name":"Lemacarton","description":"","publisher":{"@id":"https:\/\/lemacarton.ro\/ro\/#organization"},"potentialAction":[{"@type":"SearchAction","target":{"@type":"EntryPoint","urlTemplate":"https:\/\/lemacarton.ro\/ro\/?s={search_term_string}"},"query-input":"required name=search_term_string"}],"inLanguage":"ro-RO"},{"@type":"Organization","@id":"https:\/\/lemacarton.ro\/ro\/#organization","name":"Lemacarton","url":"https:\/\/lemacarton.ro\/ro\/","logo":{"@type":"ImageObject","inLanguage":"ro-RO","@id":"https:\/\/lemacarton.ro\/ro\/#\/schema\/logo\/image\/","url":"https:\/\/lemacarton.ro\/wp-content\/uploads\/2020\/12\/logo-lemacarton-favicon.png","contentUrl":"https:\/\/lemacarton.ro\/wp-content\/uploads\/2020\/12\/logo-lemacarton-favicon.png","width":160,"height":160,"caption":"Lemacarton"},"image":{"@id":"https:\/\/lemacarton.ro\/ro\/#\/schema\/logo\/image\/"}}]}},"_links":{"self":[{"href":"https:\/\/lemacarton.ro\/ro\/wp-json\/wp\/v2\/pages\/571"}],"collection":[{"href":"https:\/\/lemacarton.ro\/ro\/wp-json\/wp\/v2\/pages"}],"about":[{"href":"https:\/\/lemacarton.ro\/ro\/wp-json\/wp\/v2\/types\/page"}],"author":[{"embeddable":true,"href":"https:\/\/lemacarton.ro\/ro\/wp-json\/wp\/v2\/users\/42"}],"replies":[{"embeddable":true,"href":"https:\/\/lemacarton.ro\/ro\/wp-json\/wp\/v2\/comments?post=571"}],"version-history":[{"count":3,"href":"https:\/\/lemacarton.ro\/ro\/wp-json\/wp\/v2\/pages\/571\/revisions"}],"predecessor-version":[{"id":901,"href":"https:\/\/lemacarton.ro\/ro\/wp-json\/wp\/v2\/pages\/571\/revisions\/901"}],"wp:attachment":[{"href":"https:\/\/lemacarton.ro\/ro\/wp-json\/wp\/v2\/media?parent=571"}],"curies":[{"name":"wp","href":"https:\/\/api.w.org\/{rel}","templated":true}]}}