{"id":1226,"date":"2020-12-17T11:27:11","date_gmt":"2020-12-17T11:27:11","guid":{"rendered":"https:\/\/lemacarton.ro\/?page_id=1226"},"modified":"2020-12-17T11:27:11","modified_gmt":"2020-12-17T11:27:11","slug":"politica-de-confidentialitate","status":"publish","type":"page","link":"https:\/\/lemacarton.ro\/ro\/politica-de-confidentialitate\/","title":{"rendered":"Politica de confiden\u021bialitate"},"content":{"rendered":"\t\t<div data-elementor-type=\"wp-page\" data-elementor-id=\"1226\" class=\"elementor elementor-1226 elementor-1223\" data-elementor-post-type=\"page\">\n\t\t\t\t\t\t<section class=\"elementor-section elementor-top-section elementor-element elementor-element-f31841f elementor-section-boxed elementor-section-height-default elementor-section-height-default\" data-id=\"f31841f\" data-element_type=\"section\" data-settings=\"{&quot;jet_parallax_layout_list&quot;:[{&quot;jet_parallax_layout_image&quot;:{&quot;url&quot;:&quot;&quot;,&quot;id&quot;:&quot;&quot;,&quot;size&quot;:&quot;&quot;},&quot;_id&quot;:&quot;a18dddb&quot;,&quot;jet_parallax_layout_image_tablet&quot;:{&quot;url&quot;:&quot;&quot;,&quot;id&quot;:&quot;&quot;,&quot;size&quot;:&quot;&quot;},&quot;jet_parallax_layout_image_mobile&quot;:{&quot;url&quot;:&quot;&quot;,&quot;id&quot;:&quot;&quot;,&quot;size&quot;:&quot;&quot;},&quot;jet_parallax_layout_speed&quot;:{&quot;unit&quot;:&quot;%&quot;,&quot;size&quot;:50,&quot;sizes&quot;:[]},&quot;jet_parallax_layout_type&quot;:&quot;scroll&quot;,&quot;jet_parallax_layout_direction&quot;:null,&quot;jet_parallax_layout_fx_direction&quot;:null,&quot;jet_parallax_layout_z_index&quot;:&quot;&quot;,&quot;jet_parallax_layout_bg_x&quot;:50,&quot;jet_parallax_layout_bg_x_tablet&quot;:&quot;&quot;,&quot;jet_parallax_layout_bg_x_mobile&quot;:&quot;&quot;,&quot;jet_parallax_layout_bg_y&quot;:50,&quot;jet_parallax_layout_bg_y_tablet&quot;:&quot;&quot;,&quot;jet_parallax_layout_bg_y_mobile&quot;:&quot;&quot;,&quot;jet_parallax_layout_bg_size&quot;:&quot;auto&quot;,&quot;jet_parallax_layout_bg_size_tablet&quot;:&quot;&quot;,&quot;jet_parallax_layout_bg_size_mobile&quot;:&quot;&quot;,&quot;jet_parallax_layout_animation_prop&quot;:&quot;transform&quot;,&quot;jet_parallax_layout_on&quot;:[&quot;desktop&quot;,&quot;tablet&quot;]}]}\">\n\t\t\t\t\t\t<div class=\"elementor-container elementor-column-gap-default\">\n\t\t\t\t\t<div class=\"elementor-column elementor-col-100 elementor-top-column elementor-element elementor-element-ce957e7\" data-id=\"ce957e7\" data-element_type=\"column\">\n\t\t\t<div class=\"elementor-widget-wrap elementor-element-populated\">\n\t\t\t\t\t\t<div class=\"elementor-element elementor-element-dafe6c3 elementor-widget elementor-widget-theme-post-title elementor-page-title elementor-widget-heading\" data-id=\"dafe6c3\" data-element_type=\"widget\" data-widget_type=\"theme-post-title.default\">\n\t\t\t\t<div class=\"elementor-widget-container\">\n\t\t\t<h1 class=\"elementor-heading-title elementor-size-default\">Politica de confiden\u021bialitate<\/h1>\t\t<\/div>\n\t\t\t\t<\/div>\n\t\t\t\t<div class=\"elementor-element elementor-element-4908b3f elementor-widget elementor-widget-text-editor\" data-id=\"4908b3f\" data-element_type=\"widget\" data-widget_type=\"text-editor.default\">\n\t\t\t\t<div class=\"elementor-widget-container\">\n\t\t\t\t\t\t\t<p>Protec\u021bia datelor cu caracter personal este un angajament fundamental al societ\u0103\u021bii SC LEMACARTON SRL (denumit\u0103 \u00een continuare LEMACARTON) administratorul site-ului <a href=\"https:\/\/lemacarton.ro\/ro\/\">https:\/\/lemacarton.ro<\/a> (denumit \u00een continuare Site), a\u0219adar vom dedica toate resursele \u0219i eforturile necesare pentru a prelucra datele dumneavoastr\u0103 \u00een deplin\u0103 concordan\u021b\u0103 cu Regulamentul (UE) 2016\/679 (\u201cRegulamentul general privind protec\u021bia datelor\u201d sau \u201cGDPR\u201d), precum \u0219i cu orice alt\u0103 legisla\u021bie aplicabil\u0103 pe teritoriul Rom\u00e2niei.<\/p>\n<p>Principiile care guverneaz\u0103 activitatea noastr\u0103 c\u00e2nd prelucr\u0103m date cu caracter personal:<\/p>\n<ul>\n<li>Principiul legalit\u0103\u021bii, echit\u0103\u021bii \u015fi transparen\u0163ei- \u00eenseamn\u0103 c\u0103 datele cu caracter personal trebuie s\u0103 fie prelucrate \u00een mod legal, echitabil \u0219i transparent fa\u021b\u0103 de persoana vizat\u0103.<\/li>\n<li>Principiul limit\u0103rii scopului- \u00eenseamn\u0103 c\u0103 datele cu caracter personal trebuie s\u0103 fie colectate numai \u00een scopuri specificate, explicite \u0219i legitime, iar prelucr\u0103rile ulterioare nu trebuie s\u0103 se abat\u0103 de la aceste scopuri.<\/li>\n<li>Principiul reducerii la minimum a datelor- \u00eenseamn\u0103 c\u0103 datele cu caracter personal trebuie s\u0103 fie adecvate, relevante \u0219i limitate la ceea ce este necesar \u00een raport cu scopurile pentru care sunt prelucrate.<\/li>\n<li>Principiul men\u021binerii datelor actualizate asigur\u0103 c\u0103 datele cu caracter personal sunt corecte \u0219i sunt actualizate acolo unde este necesar.<\/li>\n<li>Principiul limit\u0103rii stoc\u0103rii datelor \u00eenseamn\u0103 c\u0103 datele trebuie p\u0103strate doar at\u00e2ta timp c\u00e2t sunt necesare pentru pelucrarea asumat\u0103.<\/li>\n<li>Principiul integrit\u0103\u021bii \u0219i confiden\u021bialit\u0103\u021bii \u00eenseamn\u0103 c\u0103 prelucrarea datelor personale trebuie f\u0103cut\u0103 \u00een cele mai proprii condi\u021bii de siguran\u021b\u0103, care s\u0103 includ\u0103 protec\u0163ia \u00eempotriva prelucr\u0103rii neautorizate sau ilegale \u015fi \u00eempotriva pierderii, a distrugerii sau a deterior\u0103rii accidentale, prin luarea de m\u0103suri tehnice sau organizatorice corespunz\u0103toare.<\/li>\n<\/ul>\n<h2>Cine este operatorul datelor cu caracter personal?<\/h2>\n<p>Compania rom\u00e2n\u0103 <em>SC LEMACARTON SRL<\/em> este operatorul datelor cu caracter personal pe care ni le transmite\u021bi \u0219i r\u0103spunde de datele dumneavoastr\u0103 cu caracter personal \u00een conformitate cu legisla\u021bia aplicabil\u0103 privind protec\u021bia datelor.<\/p>\n<p>Datele companiei:<\/p>\n<p><strong>Denumire firma<\/strong>: <em>SC LEMACARTON SRL<\/em><\/p>\n<p><strong>CIF:<\/strong> RO- 14652730<\/p>\n<p><strong>Site web:<\/strong> <a href=\"https:\/\/lemacarton.ro\/ro\/\">https:\/\/lemacarton.ro<\/a><\/p>\n<p><strong>Sediu: <\/strong>str. Iosif Vulcan, Nr. 10, municipiul Salonta, jude\u021bul Bihor, Rom\u00e2nia<\/p>\n<p><strong>Telefon fix:<\/strong> +40359 179 393<\/p>\n<p><strong>Mobil:<\/strong> +40737 022 761<\/p>\n<p><strong>E-mail<\/strong>: <a href=\"mailto:office@lemacarton.ro\">office@lemacarton.ro<\/a><\/p>\n<p><strong>Care este scopul \u0219i temeiul legal pentru prelucrare?<\/strong><\/p>\n<p>LEMACARTON colecteaz\u0103 \u0219i prelucreaz\u0103 datele dvs. cu caracter personal pentru urm\u0103toarele scopuri de prelucrare:<\/p>\n<ul>\n<li>Administrarea, \u00eembunatatirea \u0219i realizarea serviciilor furnizate de Site. Informa\u021biile din formularul cererii de ofert\u0103 sunt necesare pentru preg\u0103tirea ofertei conform nevoilor clien\u021bilor, pentru confirmarea primirii mesajelor, pentru r\u0103spunderea la \u00eentreb\u0103rile vizitatorilor, pentru \u00eencheierea contractului \u0219i \u00eentocmirea facturii dup\u0103 caz.<\/li>\n<li>Reclam\u0103, marketing \u0219i publicitate: anun\u021barea promo\u021biilor \u00een curs \u0219i trimiterea de buletine informative (newsletter) c\u0103tre clien\u021bi.<\/li>\n<\/ul>\n<p>Prelucrarea datelor dvs. pentru aceste scopuri este \u00een cele mai multe cazuri necesar\u0103 pentru \u00eencheierea unui contract \u00eentre LEMACARTON \u0219i dvs. De asemenea, anumite prelucr\u0103ri subsumate acestor scopuri sunt impuse de legisla\u021bia aplicabil\u0103, inclusiv legisla\u021bia fiscal\u0103 \u0219i contabil\u0103 (ex. emiterea facturii fiscale). A\u0219adar, temeiul legal pentru prelucrarea datelor cu caracter personal \u00eel reprezint\u0103 \u00eencheierea unui contract.<\/p>\n<p>Totodat\u0103 datele pe care ni le oferi\u021bi voluntar (nume, prenume, adresa de email) \u2013 temeiul legal este consim\u021b\u0103m\u00e2ntul dvs., prin acceptarea Termeniilor \u0219i condi\u021biilor, respectiv prezentei Politica de confiden\u021bialitate. Odat\u0103 cu timiterea solicit\u0103rii unei oferte de pre\u021b datele dvs personale sunt prelucrate de LEMACARTON cu respectarea reglement\u0103rii GDPR.<\/p>\n<p>\u00cen privin\u021ba datelor pe care le colect\u0103m automat prin folosirea cookie-urilor sau a altor tehnologii similare, temeiul pentru prelucrare este consim\u021b\u0103m\u00e2ntul. Odat\u0103 cu accesarea site-ului, v\u0103 da\u021bi \u00een mod valabil consim\u021b\u0103m\u00e2ntul asupra prelucr\u0103rii.<\/p>\n<h2>Ce categorii de date cu caracter personal prelucr\u0103m?<\/h2>\n<p>Prin date personale se denumesc informa\u021biile unice individuale privind o persoana fizic\u0103 identificat\u0103 sau identificabil\u0103 referitoare la nume, adresa, Cod Numeric Personal (CNP), IP sau numar de telefon, date de localizare, un identificator online, sau la unul sau mai multe elemente specifice, proprii identitatii sale fizice, fiziologice, genetice, psihice, economice, culturale sau sociale.<\/p>\n<p>Pe site-ul nostru exist\u0103 un formular de solicitare de ofert\u0103, destinat clien\u021bilor care au \u00eentreb\u0103ri legate de serviciile\/ produsele noastre \u0219i\/ sau care doresc s\u0103 beneficieze de serviciile\/produsele noastre personalizate. Pentru a putea formula un r\u0103spuns la aceste \u00eentreb\u0103ri, nel\u0103muriri sau solicit\u0103ri de informa\u021bii colect\u0103m urm\u0103toarele date personale: nume, prenume, adresa de e-mail, denumirea companiei pentru care solicit\u0103 oferta.<\/p>\n<p>\u00cen func\u021bie de interac\u021biunile pe care le ave\u021bi cu site-ul nostru, datele cu caracter personal pe care le colect\u0103m sunt urm\u0103toarele:<\/p>\n<ul>\n<li>Nume \u0219i prenume \u2013 pentru identificare;<\/li>\n<li>Numele companiei- pentru identificare;<\/li>\n<li>Adresa de e-mail \u2013 pentru comunicare;<\/li>\n<li>Mesaj \u2013 C\u00e2mp \u00een care pute\u021bi expune problema sau \u00eentrebarea dvs.<\/li>\n<\/ul>\n<p>Datele cu caracter personal solicitate \u00een momentul transmiterii mesajului sunt folosite doar pentru a putea lua leg\u0103tura cu dvs. \u0219i a r\u0103spunde cererii dvs. Ulterior vor fi solicitate \u0219i date prev\u0103zute de lege pentru \u00eentocmirea contractului \u0219i emiterea facturii.<\/p>\n<p>Aceste date cu caracter personal sunt colectate direct de la dumneavoastr\u0103, astfel \u00eenc\u00e2t ave\u021bi controlul asupra tipului de informa\u021bie pe care ne-o oferi\u021bi.<\/p>\n<p>Pe Site putem stoca \u0219i colecta informa\u021bii \u00een cookie-uri \u0219i tehnologii similare, conform Politicii de cookie-uri.<\/p>\n<p>Nu colect\u0103m \u0219i nu prelucr\u0103m \u00een alt mod date sensibile, incluse de Regulamentul general privind protec\u021bia datelor \u00een categorii speciale de date cu caracter personal.<\/p>\n<h2>Unde v\u0103 stoc\u0103m \u0219i c\u00e2t timp p\u0103str\u0103m datele?<\/h2>\n<p>Datele pe care le colect\u0103m de la dumneavoastr\u0103 sunt stocate \u00een serverele pe teritoriul Rom\u00e2niei, dar pot fi transferate \u0219i prelucrate \u00eentr-o \u021bar\u0103 din Spa\u021biul Economic European\/ SEE. Orice transfer de acest fel al datelor dumneavoastr\u0103 cu caracter personal se va realiza \u00een conformitate cu legisla\u021bia \u00een vigoare.<\/p>\n<p>LEMACARTON prelucreaz\u0103 datele personale p\u00e2n\u0103 la \u00eendeplinirea obliga\u021biilor contractuale, p\u00e2n\u0103 la realizarea scopului pentru care a fost \u00eencheiat contractul \u0219i p\u0103streaz\u0103 pentru un termen stabilit de lege, sau p\u00e2n\u0103 c\u00e2nd nu solicita\u021bi \u0219tergerea acestora, sub rezerva p\u0103str\u0103rii anumitor informa\u021bii, \u00een situa\u021biile \u00een care legisla\u021bia aplicabil\u0103 sau interesele noastre legitime o impun.<\/p>\n<h2>Cui transmitem datele?<\/h2>\n<p>Datele dumneavoastr\u0103 pot fi transmise \u0219i prelucrate doar \u00een cadrul companiei noastre. Nu transmitem, nu vindem \u0219i nu ced\u0103m ter\u021bilor datele dumneavoastr\u0103 \u00een scopuri de marketing.<\/p>\n<p>\u00cen cazul \u00een care ne revine o obliga\u021bie legal\u0103 sau dac\u0103 este necesar pentru a ne ap\u0103ra un interes legitim, putem de asemenea divulga anumite date cu caracter personal unor autorit\u0103\u021bi publice.<\/p>\n<h2>Cum protej\u0103m securitatea datelor dvs. cu caracter personal?<\/h2>\n<p>Compania noastr\u0103 asigur\u0103 securitatea datelor cu caracter personal prin implementarea unor m\u0103suri tehnice \u0219i organizatorice adecvate, conform standardelor industriei. Datele sunt stocate pe servere securizate asigur\u00e2nd redundan\u021ba datelor.<\/p>\n<p>LEMACARTON prelucreaz\u0103 datele personale cu respectarea tuturor drepturilor dvs., precum \u0219i prin aplicarea unor m\u0103suri tehnice \u0219i organizatorice adecvate pentru protejarea acestora \u00eempotriva accesului ilicit \u0219i neautorizat.<\/p>\n<p>Pentru protejarea datelor cu caracter personal \u00eempotriva distrugerii accidentale sau ilegale, pierderii, dezv\u0103luirii sau accesului ilicit sau neautorizat aplic\u0103m urm\u0103toarele m\u0103suri:<\/p>\n<ul>\n<li>implementearea \u0219i revizuirea periodic\u0103 a politicilor, procedurilor \u0219i instruc\u021biunilor de lucru destinate securiz\u0103rii prelucr\u0103rii datelor cu caracter personal;<\/li>\n<li>desemnarea utilizatori autoriza\u021bi pentru opera\u021biile de colectare \u0219i introducere de date cu caracter personal \u00eentr-un sistem informa\u021bional. Orice modificare a datelor cu caracter personal se poate face numai de c\u0103tre utilizatori autoriza\u021bi desemna\u021bi de LEMACARTON. \u00cen sistemul informa\u021bional se \u00eenregistreaz\u0103 numele persoanei care a f\u0103cut modificarea, data \u0219i ora modific\u0103rii;<\/li>\n<li>stabilirea intervalului de timp la care se vor executa copiile de siguran\u021b\u0103 ale bazelor de date cu caracter personal;<\/li>\n<li>instruirea periodic\u0103 \u0219i sistematic\u0103 a tuturor angaja\u021bilor care prelucreaz\u0103 date cu caracter personal;<\/li>\n<li>limitarea accesului la datele cu caracter personal \u00een conformitate cu principiile GDPR, astfel accesul la datele referitoare este permis personalului numai \u00een \u00eendeplinirea sarcinilor de serviciu, fiind interzis\u0103 orice circula\u021bie necontrolat\u0103 a lor \u00een afara societ\u0103\u021bii.<\/li>\n<li>accesul securizat la aplica\u021biile \u0219i fi\u0219ierele care con\u021bin date cu caracter personal;<\/li>\n<li>implementarea unor m\u0103suri tehnice \u0219i organizatorice adecvate pentru garantarea drepturilor \u0219i libert\u0103\u021bilor persoanelor fizice;<\/li>\n<li>implementarea unor solu\u021bii tehnice pentru securizarea comunica\u021biilor care includ date cu caracter personal;<\/li>\n<li>monitorizarea proceselor de transfer a datelor cu caracter personal \u0219i blocarea tentativelor de transfer neautorizate;<\/li>\n<li>computerele de la care se acceseaz\u0103 baza de date a informa\u021biilor cu caracter personal sunt \u00een \u00eenc\u0103peri la care accesul este restric\u021bionat \u0219i au implementate solu\u021bii de protec\u021bie antivirus, antispam \u0219i firewall updatate la zi;<\/li>\n<li>imprimarea datelor cu caracter personal se realizeaz\u0103 numai \u00een scopuri cerute de legile \u00een vigoare.<\/li>\n<\/ul>\n<h2>Care sunt drepturile dumneavoastr\u0103?<\/h2>\n<ul>\n<li>Dreptul la acces: Ave\u021bi dreptul de a solicita informa\u021bii cu privire la datele cu caracter personal pe care le de\u021binem despre dumneavoastr\u0103.<\/li>\n<li>Dreptul la portabilitate: Ori de c\u00e2te ori societatea noastr\u0103 v\u0103 prelucreaz\u0103 datele cu caracter personal ave\u021bi dreptul s\u0103 ob\u021bine\u021bi transferul unei copii a datelor dumneavoastr\u0103 \u00eentr-un format structurat folosit \u00een mod frecvent \u0219i prelucrabile automat c\u0103tre dumneavoastr\u0103 sau c\u0103tre o alt\u0103 parte. Aceasta include numai datele cu caracter personal pe care ni le-a\u021bi trimis.<\/li>\n<li>Dreptul la rectificare: Ave\u021bi dreptul s\u0103 solicita\u021bi rectificarea datelor dumneavoastr\u0103 cu caracter personal, dac\u0103 acestea sunt incorecte, inclusiv dreptul de a completa datele cu caracter personal incomplete. Dac\u0103 dori\u021bi s\u0103 face\u021bi o modificare, va trebui s\u0103 ne contacta\u021bi telefonic sau la adresa de e-mail <a href=\"mailto:office@lemacarton.ro\">office@lemacarton.ro<\/a>.<\/li>\n<li>Dreptul la \u0219tergerea datelor: Ave\u021bi dreptul s\u0103 \u0219terge\u021bi oric\u00e2nd orice date cu caracter personal prelucrate, dac\u0103 acestea nu mai sunt necesare pentru scopurile pentru care au fost colectate.<\/li>\n<li>Dreptul de a v\u0103 opune prelucr\u0103rii bazate pe interes legitim<\/li>\n<li>Dreptul dumneavoastr\u0103 de a v\u0103 opune marketingului direct<\/li>\n<li>Dreptul la restric\u021bionarea prelucr\u0103rii: Ave\u021bi dreptul s\u0103 solicita\u021bi ca LEMACARTON s\u0103 restric\u021bioneze procesul de prelucrare a datelor dumneavoastr\u0103 cu caracter personal.<\/li>\n<li>Dreptul de a depune pl\u00e2ngere: \u00cen cazul \u00een care ve\u021bi considera c\u0103 nu am reu\u0219it s\u0103 v\u0103 solu\u021bion\u0103m toate cererile sau dac\u0103 nu sunte\u021bi mul\u021bumi\u021bi de r\u0103spunsurile noastre, pute\u021bi depune o peti\u021bie la institu\u021biile competente.\n<p><em>Autoritatea Na\u021bional\u0103 de Supraveghere a Prelucr\u0103rii Datelor cu Caracter Personal<br \/>\n<\/em><em>B-dul G-ral. Gheorghe Magheru nr. 28-30, Sector 1, cod po\u0219tal 010336, Bucure\u0219ti,<\/em><br \/>\n<em>Telefon: +40.318.059.211 sau +40.318.059.212;<\/em><br \/>\n<em>E-mail: <\/em><a href=\"mailto:anspdcp@dataprotection.ro\"><em>anspdcp@dataprotection.ro<\/em><\/a><\/p>\n<p>F\u0103r\u0103 a v\u0103 afecta dreptul dvs de a contacta \u00een orice moment autoritatea de supraveghere, v\u0103 rug\u0103m s\u0103 ne contacta\u021bi \u00een prealabil, \u0219i v\u0103 promitem c\u0103 vom depune toate eforturile necesare pentru a rezolva orice problem\u0103 pe cale amiabil\u0103.<\/li>\n<\/ul>\n\t\t\t\t\t\t<\/div>\n\t\t\t\t<\/div>\n\t\t\t\t\t<\/div>\n\t\t<\/div>\n\t\t\t\t\t<\/div>\n\t\t<\/section>\n\t\t\t\t<\/div>\n\t\t","protected":false},"excerpt":{"rendered":"<p>Protec\u021bia datelor cu caracter personal este un angajament fundamental al societ\u0103\u021bii SC LEMACARTON SRL (denumit\u0103 \u00een continuare LEMACARTON) administratorul site-ului https:\/\/lemacarton.ro (denumit \u00een continuare Site), a\u0219adar vom dedica toate resursele \u0219i eforturile necesare pentru a prelucra datele dumneavoastr\u0103 \u00een deplin\u0103 concordan\u021b\u0103 cu Regulamentul (UE) 2016\/679 (\u201cRegulamentul general privind protec\u021bia datelor\u201d sau \u201cGDPR\u201d), precum \u0219i cu [&hellip;]<\/p>\n","protected":false},"author":42,"featured_media":0,"parent":0,"menu_order":0,"comment_status":"closed","ping_status":"closed","template":"","meta":{"_jf_save_progress":"","_jet_sm_ready_style":"","_jet_sm_style":"","_jet_sm_controls_values":"","_jet_sm_fonts_collection":"","_jet_sm_fonts_links":"","footnotes":""},"class_list":["post-1226","page","type-page","status-publish","hentry"],"yoast_head":"<!-- This site is optimized with the Yoast SEO plugin v22.2 - https:\/\/yoast.com\/wordpress\/plugins\/seo\/ -->\n<title>Politica de confiden\u021bialitate - Lemacarton<\/title>\n<meta name=\"robots\" content=\"index, follow, max-snippet:-1, max-image-preview:large, max-video-preview:-1\" \/>\n<link rel=\"canonical\" href=\"https:\/\/lemacarton.ro\/ro\/politica-de-confidentialitate\/\" \/>\n<meta property=\"og:locale\" content=\"ro_RO\" \/>\n<meta property=\"og:type\" content=\"article\" \/>\n<meta property=\"og:title\" content=\"Politica de confiden\u021bialitate - Lemacarton\" \/>\n<meta property=\"og:description\" content=\"Protec\u021bia datelor cu caracter personal este un angajament fundamental al societ\u0103\u021bii SC LEMACARTON SRL (denumit\u0103 \u00een continuare LEMACARTON) administratorul site-ului https:\/\/lemacarton.ro (denumit \u00een continuare Site), a\u0219adar vom dedica toate resursele \u0219i eforturile necesare pentru a prelucra datele dumneavoastr\u0103 \u00een deplin\u0103 concordan\u021b\u0103 cu Regulamentul (UE) 2016\/679 (\u201cRegulamentul general privind protec\u021bia datelor\u201d sau \u201cGDPR\u201d), precum \u0219i cu [&hellip;]\" \/>\n<meta property=\"og:url\" content=\"https:\/\/lemacarton.ro\/ro\/politica-de-confidentialitate\/\" \/>\n<meta property=\"og:site_name\" content=\"Lemacarton\" \/>\n<meta name=\"twitter:card\" content=\"summary_large_image\" \/>\n<meta name=\"twitter:label1\" content=\"Timp estimat pentru citire\" \/>\n\t<meta name=\"twitter:data1\" content=\"9 minute\" \/>\n<script type=\"application\/ld+json\" class=\"yoast-schema-graph\">{\"@context\":\"https:\/\/schema.org\",\"@graph\":[{\"@type\":\"WebPage\",\"@id\":\"https:\/\/lemacarton.ro\/ro\/politica-de-confidentialitate\/\",\"url\":\"https:\/\/lemacarton.ro\/ro\/politica-de-confidentialitate\/\",\"name\":\"Politica de confiden\u021bialitate - Lemacarton\",\"isPartOf\":{\"@id\":\"https:\/\/lemacarton.ro\/ro\/#website\"},\"datePublished\":\"2020-12-17T11:27:11+00:00\",\"dateModified\":\"2020-12-17T11:27:11+00:00\",\"breadcrumb\":{\"@id\":\"https:\/\/lemacarton.ro\/ro\/politica-de-confidentialitate\/#breadcrumb\"},\"inLanguage\":\"ro-RO\",\"potentialAction\":[{\"@type\":\"ReadAction\",\"target\":[\"https:\/\/lemacarton.ro\/ro\/politica-de-confidentialitate\/\"]}]},{\"@type\":\"BreadcrumbList\",\"@id\":\"https:\/\/lemacarton.ro\/ro\/politica-de-confidentialitate\/#breadcrumb\",\"itemListElement\":[{\"@type\":\"ListItem\",\"position\":1,\"name\":\"Home\",\"item\":\"https:\/\/lemacarton.ro\/ro\/\"},{\"@type\":\"ListItem\",\"position\":2,\"name\":\"Politica de confiden\u021bialitate\"}]},{\"@type\":\"WebSite\",\"@id\":\"https:\/\/lemacarton.ro\/ro\/#website\",\"url\":\"https:\/\/lemacarton.ro\/ro\/\",\"name\":\"Lemacarton\",\"description\":\"\",\"publisher\":{\"@id\":\"https:\/\/lemacarton.ro\/ro\/#organization\"},\"potentialAction\":[{\"@type\":\"SearchAction\",\"target\":{\"@type\":\"EntryPoint\",\"urlTemplate\":\"https:\/\/lemacarton.ro\/ro\/?s={search_term_string}\"},\"query-input\":\"required name=search_term_string\"}],\"inLanguage\":\"ro-RO\"},{\"@type\":\"Organization\",\"@id\":\"https:\/\/lemacarton.ro\/ro\/#organization\",\"name\":\"Lemacarton\",\"url\":\"https:\/\/lemacarton.ro\/ro\/\",\"logo\":{\"@type\":\"ImageObject\",\"inLanguage\":\"ro-RO\",\"@id\":\"https:\/\/lemacarton.ro\/ro\/#\/schema\/logo\/image\/\",\"url\":\"https:\/\/lemacarton.ro\/wp-content\/uploads\/2020\/12\/logo-lemacarton-favicon.png\",\"contentUrl\":\"https:\/\/lemacarton.ro\/wp-content\/uploads\/2020\/12\/logo-lemacarton-favicon.png\",\"width\":160,\"height\":160,\"caption\":\"Lemacarton\"},\"image\":{\"@id\":\"https:\/\/lemacarton.ro\/ro\/#\/schema\/logo\/image\/\"}}]}<\/script>\n<!-- \/ Yoast SEO plugin. -->","yoast_head_json":{"title":"Politica de confiden\u021bialitate - Lemacarton","robots":{"index":"index","follow":"follow","max-snippet":"max-snippet:-1","max-image-preview":"max-image-preview:large","max-video-preview":"max-video-preview:-1"},"canonical":"https:\/\/lemacarton.ro\/ro\/politica-de-confidentialitate\/","og_locale":"ro_RO","og_type":"article","og_title":"Politica de confiden\u021bialitate - Lemacarton","og_description":"Protec\u021bia datelor cu caracter personal este un angajament fundamental al societ\u0103\u021bii SC LEMACARTON SRL (denumit\u0103 \u00een continuare LEMACARTON) administratorul site-ului https:\/\/lemacarton.ro (denumit \u00een continuare Site), a\u0219adar vom dedica toate resursele \u0219i eforturile necesare pentru a prelucra datele dumneavoastr\u0103 \u00een deplin\u0103 concordan\u021b\u0103 cu Regulamentul (UE) 2016\/679 (\u201cRegulamentul general privind protec\u021bia datelor\u201d sau \u201cGDPR\u201d), precum \u0219i cu [&hellip;]","og_url":"https:\/\/lemacarton.ro\/ro\/politica-de-confidentialitate\/","og_site_name":"Lemacarton","twitter_card":"summary_large_image","twitter_misc":{"Timp estimat pentru citire":"9 minute"},"schema":{"@context":"https:\/\/schema.org","@graph":[{"@type":"WebPage","@id":"https:\/\/lemacarton.ro\/ro\/politica-de-confidentialitate\/","url":"https:\/\/lemacarton.ro\/ro\/politica-de-confidentialitate\/","name":"Politica de confiden\u021bialitate - Lemacarton","isPartOf":{"@id":"https:\/\/lemacarton.ro\/ro\/#website"},"datePublished":"2020-12-17T11:27:11+00:00","dateModified":"2020-12-17T11:27:11+00:00","breadcrumb":{"@id":"https:\/\/lemacarton.ro\/ro\/politica-de-confidentialitate\/#breadcrumb"},"inLanguage":"ro-RO","potentialAction":[{"@type":"ReadAction","target":["https:\/\/lemacarton.ro\/ro\/politica-de-confidentialitate\/"]}]},{"@type":"BreadcrumbList","@id":"https:\/\/lemacarton.ro\/ro\/politica-de-confidentialitate\/#breadcrumb","itemListElement":[{"@type":"ListItem","position":1,"name":"Home","item":"https:\/\/lemacarton.ro\/ro\/"},{"@type":"ListItem","position":2,"name":"Politica de confiden\u021bialitate"}]},{"@type":"WebSite","@id":"https:\/\/lemacarton.ro\/ro\/#website","url":"https:\/\/lemacarton.ro\/ro\/","name":"Lemacarton","description":"","publisher":{"@id":"https:\/\/lemacarton.ro\/ro\/#organization"},"potentialAction":[{"@type":"SearchAction","target":{"@type":"EntryPoint","urlTemplate":"https:\/\/lemacarton.ro\/ro\/?s={search_term_string}"},"query-input":"required name=search_term_string"}],"inLanguage":"ro-RO"},{"@type":"Organization","@id":"https:\/\/lemacarton.ro\/ro\/#organization","name":"Lemacarton","url":"https:\/\/lemacarton.ro\/ro\/","logo":{"@type":"ImageObject","inLanguage":"ro-RO","@id":"https:\/\/lemacarton.ro\/ro\/#\/schema\/logo\/image\/","url":"https:\/\/lemacarton.ro\/wp-content\/uploads\/2020\/12\/logo-lemacarton-favicon.png","contentUrl":"https:\/\/lemacarton.ro\/wp-content\/uploads\/2020\/12\/logo-lemacarton-favicon.png","width":160,"height":160,"caption":"Lemacarton"},"image":{"@id":"https:\/\/lemacarton.ro\/ro\/#\/schema\/logo\/image\/"}}]}},"_links":{"self":[{"href":"https:\/\/lemacarton.ro\/ro\/wp-json\/wp\/v2\/pages\/1226"}],"collection":[{"href":"https:\/\/lemacarton.ro\/ro\/wp-json\/wp\/v2\/pages"}],"about":[{"href":"https:\/\/lemacarton.ro\/ro\/wp-json\/wp\/v2\/types\/page"}],"author":[{"embeddable":true,"href":"https:\/\/lemacarton.ro\/ro\/wp-json\/wp\/v2\/users\/42"}],"replies":[{"embeddable":true,"href":"https:\/\/lemacarton.ro\/ro\/wp-json\/wp\/v2\/comments?post=1226"}],"version-history":[{"count":3,"href":"https:\/\/lemacarton.ro\/ro\/wp-json\/wp\/v2\/pages\/1226\/revisions"}],"predecessor-version":[{"id":1232,"href":"https:\/\/lemacarton.ro\/ro\/wp-json\/wp\/v2\/pages\/1226\/revisions\/1232"}],"wp:attachment":[{"href":"https:\/\/lemacarton.ro\/ro\/wp-json\/wp\/v2\/media?parent=1226"}],"curies":[{"name":"wp","href":"https:\/\/api.w.org\/{rel}","templated":true}]}}