{"id":588,"date":"2020-01-10T08:28:53","date_gmt":"2020-01-10T08:28:53","guid":{"rendered":"https:\/\/lemacarton.ro\/tanusitvanyok\/"},"modified":"2025-11-19T10:00:42","modified_gmt":"2025-11-19T10:00:42","slug":"tanusitvanyok","status":"publish","type":"page","link":"https:\/\/lemacarton.ro\/hu\/tanusitvanyok\/","title":{"rendered":"Tan\u00fas\u00edtv\u00e1nyok"},"content":{"rendered":"\t\t<div data-elementor-type=\"wp-page\" data-elementor-id=\"588\" class=\"elementor elementor-588 elementor-488\" data-elementor-post-type=\"page\">\n\t\t\t\t\t\t<section class=\"elementor-section elementor-top-section elementor-element elementor-element-469ca0f elementor-section-boxed elementor-section-height-default elementor-section-height-default\" data-id=\"469ca0f\" data-element_type=\"section\" data-settings=\"{&quot;jet_parallax_layout_list&quot;:[{&quot;jet_parallax_layout_image&quot;:{&quot;url&quot;:&quot;&quot;,&quot;id&quot;:&quot;&quot;,&quot;size&quot;:&quot;&quot;},&quot;_id&quot;:&quot;a18dddb&quot;,&quot;jet_parallax_layout_image_tablet&quot;:{&quot;url&quot;:&quot;&quot;,&quot;id&quot;:&quot;&quot;,&quot;size&quot;:&quot;&quot;},&quot;jet_parallax_layout_image_mobile&quot;:{&quot;url&quot;:&quot;&quot;,&quot;id&quot;:&quot;&quot;,&quot;size&quot;:&quot;&quot;},&quot;jet_parallax_layout_speed&quot;:{&quot;unit&quot;:&quot;%&quot;,&quot;size&quot;:50,&quot;sizes&quot;:[]},&quot;jet_parallax_layout_type&quot;:&quot;scroll&quot;,&quot;jet_parallax_layout_direction&quot;:null,&quot;jet_parallax_layout_fx_direction&quot;:null,&quot;jet_parallax_layout_z_index&quot;:&quot;&quot;,&quot;jet_parallax_layout_bg_x&quot;:50,&quot;jet_parallax_layout_bg_x_tablet&quot;:&quot;&quot;,&quot;jet_parallax_layout_bg_x_mobile&quot;:&quot;&quot;,&quot;jet_parallax_layout_bg_y&quot;:50,&quot;jet_parallax_layout_bg_y_tablet&quot;:&quot;&quot;,&quot;jet_parallax_layout_bg_y_mobile&quot;:&quot;&quot;,&quot;jet_parallax_layout_bg_size&quot;:&quot;auto&quot;,&quot;jet_parallax_layout_bg_size_tablet&quot;:&quot;&quot;,&quot;jet_parallax_layout_bg_size_mobile&quot;:&quot;&quot;,&quot;jet_parallax_layout_animation_prop&quot;:&quot;transform&quot;,&quot;jet_parallax_layout_on&quot;:[&quot;desktop&quot;,&quot;tablet&quot;]}]}\">\n\t\t\t\t\t\t<div class=\"elementor-container elementor-column-gap-default\">\n\t\t\t\t\t<div class=\"elementor-column elementor-col-100 elementor-top-column elementor-element elementor-element-b38e26b\" data-id=\"b38e26b\" data-element_type=\"column\">\n\t\t\t<div class=\"elementor-widget-wrap elementor-element-populated\">\n\t\t\t\t\t\t<div class=\"elementor-element elementor-element-a516d58 elementor-widget elementor-widget-theme-post-title elementor-page-title elementor-widget-heading\" data-id=\"a516d58\" data-element_type=\"widget\" data-widget_type=\"theme-post-title.default\">\n\t\t\t\t<div class=\"elementor-widget-container\">\n\t\t\t<h1 class=\"elementor-heading-title elementor-size-default\">Tan\u00fas\u00edtv\u00e1nyok<\/h1>\t\t<\/div>\n\t\t\t\t<\/div>\n\t\t\t\t\t<\/div>\n\t\t<\/div>\n\t\t\t\t\t<\/div>\n\t\t<\/section>\n\t\t\t\t<section class=\"elementor-section elementor-top-section elementor-element elementor-element-4d54693 elementor-section-boxed elementor-section-height-default elementor-section-height-default\" data-id=\"4d54693\" data-element_type=\"section\" data-settings=\"{&quot;jet_parallax_layout_list&quot;:[{&quot;jet_parallax_layout_image&quot;:{&quot;url&quot;:&quot;&quot;,&quot;id&quot;:&quot;&quot;,&quot;size&quot;:&quot;&quot;},&quot;_id&quot;:&quot;3d0711c&quot;,&quot;jet_parallax_layout_image_tablet&quot;:{&quot;url&quot;:&quot;&quot;,&quot;id&quot;:&quot;&quot;,&quot;size&quot;:&quot;&quot;},&quot;jet_parallax_layout_image_mobile&quot;:{&quot;url&quot;:&quot;&quot;,&quot;id&quot;:&quot;&quot;,&quot;size&quot;:&quot;&quot;},&quot;jet_parallax_layout_speed&quot;:{&quot;unit&quot;:&quot;%&quot;,&quot;size&quot;:50,&quot;sizes&quot;:[]},&quot;jet_parallax_layout_type&quot;:&quot;scroll&quot;,&quot;jet_parallax_layout_direction&quot;:null,&quot;jet_parallax_layout_fx_direction&quot;:null,&quot;jet_parallax_layout_z_index&quot;:&quot;&quot;,&quot;jet_parallax_layout_bg_x&quot;:50,&quot;jet_parallax_layout_bg_x_tablet&quot;:&quot;&quot;,&quot;jet_parallax_layout_bg_x_mobile&quot;:&quot;&quot;,&quot;jet_parallax_layout_bg_y&quot;:50,&quot;jet_parallax_layout_bg_y_tablet&quot;:&quot;&quot;,&quot;jet_parallax_layout_bg_y_mobile&quot;:&quot;&quot;,&quot;jet_parallax_layout_bg_size&quot;:&quot;auto&quot;,&quot;jet_parallax_layout_bg_size_tablet&quot;:&quot;&quot;,&quot;jet_parallax_layout_bg_size_mobile&quot;:&quot;&quot;,&quot;jet_parallax_layout_animation_prop&quot;:&quot;transform&quot;,&quot;jet_parallax_layout_on&quot;:[&quot;desktop&quot;,&quot;tablet&quot;]}]}\">\n\t\t\t\t\t\t<div class=\"elementor-container elementor-column-gap-default\">\n\t\t\t\t\t<div class=\"elementor-column elementor-col-100 elementor-top-column elementor-element elementor-element-4acf42d\" data-id=\"4acf42d\" data-element_type=\"column\">\n\t\t\t<div class=\"elementor-widget-wrap elementor-element-populated\">\n\t\t\t\t\t\t<div class=\"elementor-element elementor-element-68afcbb elementor-widget elementor-widget-text-editor\" data-id=\"68afcbb\" data-element_type=\"widget\" data-widget_type=\"text-editor.default\">\n\t\t\t\t<div class=\"elementor-widget-container\">\n\t\t\t\t\t\t\t<p><span class=\"tlid-translation translation\" lang=\"hu\"><span class=\"\" title=\"\">Betartjuk az Eur\u00f3pai Uni\u00f3ban sz\u00fcks\u00e9ges \u00f6sszes \u00e9lelmiszerbiztons\u00e1gi el\u0151\u00edr\u00e1st.<\/span><\/span><\/p>\n<p><span class=\"tlid-translation translation\" lang=\"hu\"><span class=\"\" title=\"\">ISO 9001, FSC, SA 8000<\/span><\/span> tan\u00fas\u00edtv\u00e1nyokkal rendelkez\u00fcnk<\/p>\n\t\t\t\t\t\t<\/div>\n\t\t\t\t<\/div>\n\t\t\t\t\t<\/div>\n\t\t<\/div>\n\t\t\t\t\t<\/div>\n\t\t<\/section>\n\t\t\t\t<section class=\"elementor-section elementor-top-section elementor-element elementor-element-c0f1b26 elementor-section-boxed elementor-section-height-default elementor-section-height-default\" data-id=\"c0f1b26\" data-element_type=\"section\" data-settings=\"{&quot;jet_parallax_layout_list&quot;:[{&quot;jet_parallax_layout_image&quot;:{&quot;url&quot;:&quot;&quot;,&quot;id&quot;:&quot;&quot;,&quot;size&quot;:&quot;&quot;},&quot;_id&quot;:&quot;92c3271&quot;,&quot;jet_parallax_layout_image_tablet&quot;:{&quot;url&quot;:&quot;&quot;,&quot;id&quot;:&quot;&quot;,&quot;size&quot;:&quot;&quot;},&quot;jet_parallax_layout_image_mobile&quot;:{&quot;url&quot;:&quot;&quot;,&quot;id&quot;:&quot;&quot;,&quot;size&quot;:&quot;&quot;},&quot;jet_parallax_layout_speed&quot;:{&quot;unit&quot;:&quot;%&quot;,&quot;size&quot;:50,&quot;sizes&quot;:[]},&quot;jet_parallax_layout_type&quot;:&quot;scroll&quot;,&quot;jet_parallax_layout_direction&quot;:null,&quot;jet_parallax_layout_fx_direction&quot;:null,&quot;jet_parallax_layout_z_index&quot;:&quot;&quot;,&quot;jet_parallax_layout_bg_x&quot;:50,&quot;jet_parallax_layout_bg_x_tablet&quot;:&quot;&quot;,&quot;jet_parallax_layout_bg_x_mobile&quot;:&quot;&quot;,&quot;jet_parallax_layout_bg_y&quot;:50,&quot;jet_parallax_layout_bg_y_tablet&quot;:&quot;&quot;,&quot;jet_parallax_layout_bg_y_mobile&quot;:&quot;&quot;,&quot;jet_parallax_layout_bg_size&quot;:&quot;auto&quot;,&quot;jet_parallax_layout_bg_size_tablet&quot;:&quot;&quot;,&quot;jet_parallax_layout_bg_size_mobile&quot;:&quot;&quot;,&quot;jet_parallax_layout_animation_prop&quot;:&quot;transform&quot;,&quot;jet_parallax_layout_on&quot;:[&quot;desktop&quot;,&quot;tablet&quot;]}]}\">\n\t\t\t\t\t\t<div class=\"elementor-container elementor-column-gap-default\">\n\t\t\t\t\t<div class=\"elementor-column elementor-col-33 elementor-top-column elementor-element elementor-element-86ced61\" data-id=\"86ced61\" data-element_type=\"column\">\n\t\t\t<div class=\"elementor-widget-wrap elementor-element-populated\">\n\t\t\t\t\t\t<div class=\"elementor-element elementor-element-1b09728 elementor-widget elementor-widget-image\" data-id=\"1b09728\" data-element_type=\"widget\" data-widget_type=\"image.default\">\n\t\t\t\t<div class=\"elementor-widget-container\">\n\t\t\t\t\t\t\t\t\t\t\t\t\t<img fetchpriority=\"high\" decoding=\"async\" width=\"730\" height=\"1024\" src=\"https:\/\/lemacarton.ro\/wp-content\/uploads\/2025\/11\/9001-730x1024.png\" class=\"attachment-large size-large wp-image-3661\" alt=\"\" srcset=\"https:\/\/lemacarton.ro\/wp-content\/uploads\/2025\/11\/9001-730x1024.png 730w, https:\/\/lemacarton.ro\/wp-content\/uploads\/2025\/11\/9001-214x300.png 214w, https:\/\/lemacarton.ro\/wp-content\/uploads\/2025\/11\/9001-768x1078.png 768w, https:\/\/lemacarton.ro\/wp-content\/uploads\/2025\/11\/9001-1094x1536.png 1094w, https:\/\/lemacarton.ro\/wp-content\/uploads\/2025\/11\/9001-1459x2048.png 1459w, https:\/\/lemacarton.ro\/wp-content\/uploads\/2025\/11\/9001-600x842.png 600w\" sizes=\"(max-width: 730px) 100vw, 730px\" \/>\t\t\t\t\t\t\t\t\t\t\t\t\t<\/div>\n\t\t\t\t<\/div>\n\t\t\t\t\t<\/div>\n\t\t<\/div>\n\t\t\t\t<div class=\"elementor-column elementor-col-33 elementor-top-column elementor-element elementor-element-7a9b24c\" data-id=\"7a9b24c\" data-element_type=\"column\">\n\t\t\t<div class=\"elementor-widget-wrap elementor-element-populated\">\n\t\t\t\t\t\t<div class=\"elementor-element elementor-element-276ae45 elementor-widget elementor-widget-image\" data-id=\"276ae45\" data-element_type=\"widget\" data-widget_type=\"image.default\">\n\t\t\t\t<div class=\"elementor-widget-container\">\n\t\t\t\t\t\t\t\t\t\t\t\t\t<img decoding=\"async\" width=\"718\" height=\"1024\" src=\"https:\/\/lemacarton.ro\/wp-content\/uploads\/2025\/11\/sa8000-718x1024.png\" class=\"attachment-large size-large wp-image-3653\" alt=\"\" srcset=\"https:\/\/lemacarton.ro\/wp-content\/uploads\/2025\/11\/sa8000-718x1024.png 718w, https:\/\/lemacarton.ro\/wp-content\/uploads\/2025\/11\/sa8000-210x300.png 210w, https:\/\/lemacarton.ro\/wp-content\/uploads\/2025\/11\/sa8000-768x1096.png 768w, https:\/\/lemacarton.ro\/wp-content\/uploads\/2025\/11\/sa8000-1076x1536.png 1076w, https:\/\/lemacarton.ro\/wp-content\/uploads\/2025\/11\/sa8000-1435x2048.png 1435w, https:\/\/lemacarton.ro\/wp-content\/uploads\/2025\/11\/sa8000-600x856.png 600w\" sizes=\"(max-width: 718px) 100vw, 718px\" \/>\t\t\t\t\t\t\t\t\t\t\t\t\t<\/div>\n\t\t\t\t<\/div>\n\t\t\t\t\t<\/div>\n\t\t<\/div>\n\t\t\t\t<div class=\"elementor-column elementor-col-33 elementor-top-column elementor-element elementor-element-fe5727f\" data-id=\"fe5727f\" data-element_type=\"column\">\n\t\t\t<div class=\"elementor-widget-wrap elementor-element-populated\">\n\t\t\t\t\t\t<div class=\"elementor-element elementor-element-15636e1 elementor-widget elementor-widget-image\" data-id=\"15636e1\" data-element_type=\"widget\" data-widget_type=\"image.default\">\n\t\t\t\t<div class=\"elementor-widget-container\">\n\t\t\t\t\t\t\t\t\t\t\t\t\t<img decoding=\"async\" width=\"731\" height=\"1024\" src=\"https:\/\/lemacarton.ro\/wp-content\/uploads\/2025\/11\/fsc-731x1024.png\" class=\"attachment-large size-large wp-image-3657\" alt=\"\" srcset=\"https:\/\/lemacarton.ro\/wp-content\/uploads\/2025\/11\/fsc-731x1024.png 731w, https:\/\/lemacarton.ro\/wp-content\/uploads\/2025\/11\/fsc-214x300.png 214w, https:\/\/lemacarton.ro\/wp-content\/uploads\/2025\/11\/fsc-768x1075.png 768w, https:\/\/lemacarton.ro\/wp-content\/uploads\/2025\/11\/fsc-1097x1536.png 1097w, https:\/\/lemacarton.ro\/wp-content\/uploads\/2025\/11\/fsc-1463x2048.png 1463w, https:\/\/lemacarton.ro\/wp-content\/uploads\/2025\/11\/fsc-600x840.png 600w\" sizes=\"(max-width: 731px) 100vw, 731px\" \/>\t\t\t\t\t\t\t\t\t\t\t\t\t<\/div>\n\t\t\t\t<\/div>\n\t\t\t\t\t<\/div>\n\t\t<\/div>\n\t\t\t\t\t<\/div>\n\t\t<\/section>\n\t\t\t\t<\/div>\n\t\t","protected":false},"excerpt":{"rendered":"<p>Betartjuk az Eur\u00f3pai Uni\u00f3ban sz\u00fcks\u00e9ges \u00f6sszes \u00e9lelmiszerbiztons\u00e1gi el\u0151\u00edr\u00e1st. ISO 9001, FSC, SA 8000 tan\u00fas\u00edtv\u00e1nyokkal rendelkez\u00fcnk<\/p>\n","protected":false},"author":42,"featured_media":0,"parent":0,"menu_order":0,"comment_status":"closed","ping_status":"closed","template":"","meta":{"_jf_save_progress":"","_jet_sm_ready_style":"","_jet_sm_style":"","_jet_sm_controls_values":"","_jet_sm_fonts_collection":"","_jet_sm_fonts_links":"","footnotes":""},"class_list":["post-588","page","type-page","status-publish","hentry"],"yoast_head":"<!-- This site is optimized with the Yoast SEO plugin v22.2 - https:\/\/yoast.com\/wordpress\/plugins\/seo\/ -->\n<title>Tan\u00fas\u00edtv\u00e1nyok - ISO 9000, SA 8000 FSC - Lemacarton<\/title>\n<meta name=\"description\" content=\"Betartjuk az Eur\u00f3pai Uni\u00f3ban sz\u00fcks\u00e9ges \u00f6sszes \u00e9lelmiszer-biztons\u00e1gi el\u0151\u00edr\u00e1st. FSC, ISO 9001, Social Accountability tan\u00fas\u00edtv\u00e1nnyal rendelkez\u00fcnk\" \/>\n<meta name=\"robots\" content=\"index, follow, max-snippet:-1, max-image-preview:large, max-video-preview:-1\" \/>\n<link rel=\"canonical\" href=\"https:\/\/lemacarton.ro\/hu\/tanusitvanyok\/\" \/>\n<meta property=\"og:locale\" content=\"hu_HU\" \/>\n<meta property=\"og:type\" content=\"article\" \/>\n<meta property=\"og:title\" content=\"Tan\u00fas\u00edtv\u00e1nyok - ISO 9000, SA 8000 FSC - Lemacarton\" \/>\n<meta property=\"og:description\" content=\"Betartjuk az Eur\u00f3pai Uni\u00f3ban sz\u00fcks\u00e9ges \u00f6sszes \u00e9lelmiszer-biztons\u00e1gi el\u0151\u00edr\u00e1st. FSC, ISO 9001, Social Accountability tan\u00fas\u00edtv\u00e1nnyal rendelkez\u00fcnk\" \/>\n<meta property=\"og:url\" content=\"https:\/\/lemacarton.ro\/hu\/tanusitvanyok\/\" \/>\n<meta property=\"og:site_name\" content=\"Lemacarton\" \/>\n<meta property=\"article:modified_time\" content=\"2025-11-19T10:00:42+00:00\" \/>\n<meta property=\"og:image\" content=\"https:\/\/lemacarton.ro\/wp-content\/uploads\/2025\/11\/9001-730x1024.png\" \/>\n<meta name=\"twitter:card\" content=\"summary_large_image\" \/>\n<script type=\"application\/ld+json\" class=\"yoast-schema-graph\">{\"@context\":\"https:\/\/schema.org\",\"@graph\":[{\"@type\":\"WebPage\",\"@id\":\"https:\/\/lemacarton.ro\/hu\/tanusitvanyok\/\",\"url\":\"https:\/\/lemacarton.ro\/hu\/tanusitvanyok\/\",\"name\":\"Tan\u00fas\u00edtv\u00e1nyok - ISO 9000, SA 8000 FSC - Lemacarton\",\"isPartOf\":{\"@id\":\"https:\/\/lemacarton.ro\/hu\/#website\"},\"primaryImageOfPage\":{\"@id\":\"https:\/\/lemacarton.ro\/hu\/tanusitvanyok\/#primaryimage\"},\"image\":{\"@id\":\"https:\/\/lemacarton.ro\/hu\/tanusitvanyok\/#primaryimage\"},\"thumbnailUrl\":\"https:\/\/lemacarton.ro\/wp-content\/uploads\/2025\/11\/9001-730x1024.png\",\"datePublished\":\"2020-01-10T08:28:53+00:00\",\"dateModified\":\"2025-11-19T10:00:42+00:00\",\"description\":\"Betartjuk az Eur\u00f3pai Uni\u00f3ban sz\u00fcks\u00e9ges \u00f6sszes \u00e9lelmiszer-biztons\u00e1gi el\u0151\u00edr\u00e1st. FSC, ISO 9001, Social Accountability tan\u00fas\u00edtv\u00e1nnyal rendelkez\u00fcnk\",\"breadcrumb\":{\"@id\":\"https:\/\/lemacarton.ro\/hu\/tanusitvanyok\/#breadcrumb\"},\"inLanguage\":\"hu\",\"potentialAction\":[{\"@type\":\"ReadAction\",\"target\":[\"https:\/\/lemacarton.ro\/hu\/tanusitvanyok\/\"]}]},{\"@type\":\"ImageObject\",\"inLanguage\":\"hu\",\"@id\":\"https:\/\/lemacarton.ro\/hu\/tanusitvanyok\/#primaryimage\",\"url\":\"https:\/\/lemacarton.ro\/wp-content\/uploads\/2025\/11\/9001.png\",\"contentUrl\":\"https:\/\/lemacarton.ro\/wp-content\/uploads\/2025\/11\/9001.png\",\"width\":2086,\"height\":2928},{\"@type\":\"BreadcrumbList\",\"@id\":\"https:\/\/lemacarton.ro\/hu\/tanusitvanyok\/#breadcrumb\",\"itemListElement\":[{\"@type\":\"ListItem\",\"position\":1,\"name\":\"Home\",\"item\":\"https:\/\/lemacarton.ro\/hu\/\"},{\"@type\":\"ListItem\",\"position\":2,\"name\":\"Tan\u00fas\u00edtv\u00e1nyok\"}]},{\"@type\":\"WebSite\",\"@id\":\"https:\/\/lemacarton.ro\/hu\/#website\",\"url\":\"https:\/\/lemacarton.ro\/hu\/\",\"name\":\"Lemacarton\",\"description\":\"\",\"publisher\":{\"@id\":\"https:\/\/lemacarton.ro\/hu\/#organization\"},\"potentialAction\":[{\"@type\":\"SearchAction\",\"target\":{\"@type\":\"EntryPoint\",\"urlTemplate\":\"https:\/\/lemacarton.ro\/hu\/?s={search_term_string}\"},\"query-input\":\"required name=search_term_string\"}],\"inLanguage\":\"hu\"},{\"@type\":\"Organization\",\"@id\":\"https:\/\/lemacarton.ro\/hu\/#organization\",\"name\":\"Lemacarton\",\"url\":\"https:\/\/lemacarton.ro\/hu\/\",\"logo\":{\"@type\":\"ImageObject\",\"inLanguage\":\"hu\",\"@id\":\"https:\/\/lemacarton.ro\/hu\/#\/schema\/logo\/image\/\",\"url\":\"https:\/\/lemacarton.ro\/wp-content\/uploads\/2020\/12\/logo-lemacarton-favicon.png\",\"contentUrl\":\"https:\/\/lemacarton.ro\/wp-content\/uploads\/2020\/12\/logo-lemacarton-favicon.png\",\"width\":160,\"height\":160,\"caption\":\"Lemacarton\"},\"image\":{\"@id\":\"https:\/\/lemacarton.ro\/hu\/#\/schema\/logo\/image\/\"}}]}<\/script>\n<!-- \/ Yoast SEO plugin. -->","yoast_head_json":{"title":"Tan\u00fas\u00edtv\u00e1nyok - ISO 9000, SA 8000 FSC - Lemacarton","description":"Betartjuk az Eur\u00f3pai Uni\u00f3ban sz\u00fcks\u00e9ges \u00f6sszes \u00e9lelmiszer-biztons\u00e1gi el\u0151\u00edr\u00e1st. FSC, ISO 9001, Social Accountability tan\u00fas\u00edtv\u00e1nnyal rendelkez\u00fcnk","robots":{"index":"index","follow":"follow","max-snippet":"max-snippet:-1","max-image-preview":"max-image-preview:large","max-video-preview":"max-video-preview:-1"},"canonical":"https:\/\/lemacarton.ro\/hu\/tanusitvanyok\/","og_locale":"hu_HU","og_type":"article","og_title":"Tan\u00fas\u00edtv\u00e1nyok - ISO 9000, SA 8000 FSC - Lemacarton","og_description":"Betartjuk az Eur\u00f3pai Uni\u00f3ban sz\u00fcks\u00e9ges \u00f6sszes \u00e9lelmiszer-biztons\u00e1gi el\u0151\u00edr\u00e1st. FSC, ISO 9001, Social Accountability tan\u00fas\u00edtv\u00e1nnyal rendelkez\u00fcnk","og_url":"https:\/\/lemacarton.ro\/hu\/tanusitvanyok\/","og_site_name":"Lemacarton","article_modified_time":"2025-11-19T10:00:42+00:00","og_image":[{"url":"https:\/\/lemacarton.ro\/wp-content\/uploads\/2025\/11\/9001-730x1024.png"}],"twitter_card":"summary_large_image","schema":{"@context":"https:\/\/schema.org","@graph":[{"@type":"WebPage","@id":"https:\/\/lemacarton.ro\/hu\/tanusitvanyok\/","url":"https:\/\/lemacarton.ro\/hu\/tanusitvanyok\/","name":"Tan\u00fas\u00edtv\u00e1nyok - ISO 9000, SA 8000 FSC - Lemacarton","isPartOf":{"@id":"https:\/\/lemacarton.ro\/hu\/#website"},"primaryImageOfPage":{"@id":"https:\/\/lemacarton.ro\/hu\/tanusitvanyok\/#primaryimage"},"image":{"@id":"https:\/\/lemacarton.ro\/hu\/tanusitvanyok\/#primaryimage"},"thumbnailUrl":"https:\/\/lemacarton.ro\/wp-content\/uploads\/2025\/11\/9001-730x1024.png","datePublished":"2020-01-10T08:28:53+00:00","dateModified":"2025-11-19T10:00:42+00:00","description":"Betartjuk az Eur\u00f3pai Uni\u00f3ban sz\u00fcks\u00e9ges \u00f6sszes \u00e9lelmiszer-biztons\u00e1gi el\u0151\u00edr\u00e1st. FSC, ISO 9001, Social Accountability tan\u00fas\u00edtv\u00e1nnyal rendelkez\u00fcnk","breadcrumb":{"@id":"https:\/\/lemacarton.ro\/hu\/tanusitvanyok\/#breadcrumb"},"inLanguage":"hu","potentialAction":[{"@type":"ReadAction","target":["https:\/\/lemacarton.ro\/hu\/tanusitvanyok\/"]}]},{"@type":"ImageObject","inLanguage":"hu","@id":"https:\/\/lemacarton.ro\/hu\/tanusitvanyok\/#primaryimage","url":"https:\/\/lemacarton.ro\/wp-content\/uploads\/2025\/11\/9001.png","contentUrl":"https:\/\/lemacarton.ro\/wp-content\/uploads\/2025\/11\/9001.png","width":2086,"height":2928},{"@type":"BreadcrumbList","@id":"https:\/\/lemacarton.ro\/hu\/tanusitvanyok\/#breadcrumb","itemListElement":[{"@type":"ListItem","position":1,"name":"Home","item":"https:\/\/lemacarton.ro\/hu\/"},{"@type":"ListItem","position":2,"name":"Tan\u00fas\u00edtv\u00e1nyok"}]},{"@type":"WebSite","@id":"https:\/\/lemacarton.ro\/hu\/#website","url":"https:\/\/lemacarton.ro\/hu\/","name":"Lemacarton","description":"","publisher":{"@id":"https:\/\/lemacarton.ro\/hu\/#organization"},"potentialAction":[{"@type":"SearchAction","target":{"@type":"EntryPoint","urlTemplate":"https:\/\/lemacarton.ro\/hu\/?s={search_term_string}"},"query-input":"required name=search_term_string"}],"inLanguage":"hu"},{"@type":"Organization","@id":"https:\/\/lemacarton.ro\/hu\/#organization","name":"Lemacarton","url":"https:\/\/lemacarton.ro\/hu\/","logo":{"@type":"ImageObject","inLanguage":"hu","@id":"https:\/\/lemacarton.ro\/hu\/#\/schema\/logo\/image\/","url":"https:\/\/lemacarton.ro\/wp-content\/uploads\/2020\/12\/logo-lemacarton-favicon.png","contentUrl":"https:\/\/lemacarton.ro\/wp-content\/uploads\/2020\/12\/logo-lemacarton-favicon.png","width":160,"height":160,"caption":"Lemacarton"},"image":{"@id":"https:\/\/lemacarton.ro\/hu\/#\/schema\/logo\/image\/"}}]}},"_links":{"self":[{"href":"https:\/\/lemacarton.ro\/hu\/wp-json\/wp\/v2\/pages\/588"}],"collection":[{"href":"https:\/\/lemacarton.ro\/hu\/wp-json\/wp\/v2\/pages"}],"about":[{"href":"https:\/\/lemacarton.ro\/hu\/wp-json\/wp\/v2\/types\/page"}],"author":[{"embeddable":true,"href":"https:\/\/lemacarton.ro\/hu\/wp-json\/wp\/v2\/users\/42"}],"replies":[{"embeddable":true,"href":"https:\/\/lemacarton.ro\/hu\/wp-json\/wp\/v2\/comments?post=588"}],"version-history":[{"count":2,"href":"https:\/\/lemacarton.ro\/hu\/wp-json\/wp\/v2\/pages\/588\/revisions"}],"predecessor-version":[{"id":3672,"href":"https:\/\/lemacarton.ro\/hu\/wp-json\/wp\/v2\/pages\/588\/revisions\/3672"}],"wp:attachment":[{"href":"https:\/\/lemacarton.ro\/hu\/wp-json\/wp\/v2\/media?parent=588"}],"curies":[{"name":"wp","href":"https:\/\/api.w.org\/{rel}","templated":true}]}}