{"id":3297,"date":"2024-01-25T13:30:04","date_gmt":"2024-01-25T13:30:04","guid":{"rendered":"https:\/\/lemacarton.ro\/street-food\/"},"modified":"2024-04-04T10:14:01","modified_gmt":"2024-04-04T10:14:01","slug":"street-food","status":"publish","type":"page","link":"https:\/\/lemacarton.ro\/hu\/street-food\/","title":{"rendered":"Street Food"},"content":{"rendered":"\t\t<div data-elementor-type=\"wp-page\" data-elementor-id=\"3297\" class=\"elementor elementor-3297 elementor-3147\" data-elementor-post-type=\"page\">\n\t\t\t\t<div class=\"elementor-element elementor-element-c1db341 e-flex e-con-boxed e-con e-parent\" data-id=\"c1db341\" data-element_type=\"container\" data-settings=\"{&quot;jet_parallax_layout_list&quot;:[],&quot;background_background&quot;:&quot;classic&quot;}\">\n\t\t\t\t\t<div class=\"e-con-inner\">\n\t\t<div class=\"elementor-element elementor-element-5db30ad e-flex e-con-boxed e-con e-child\" data-id=\"5db30ad\" data-element_type=\"container\" data-settings=\"{&quot;background_background&quot;:&quot;classic&quot;,&quot;jet_parallax_layout_list&quot;:[]}\">\n\t\t\t\t\t<div class=\"e-con-inner\">\n\t\t\t\t<div class=\"elementor-element elementor-element-92d620f elementor-widget elementor-widget-text-editor\" data-id=\"92d620f\" data-element_type=\"widget\" data-widget_type=\"text-editor.default\">\n\t\t\t\t<div class=\"elementor-widget-container\">\n\t\t\t\t\t\t\t<p>PIZZA DOBOZOK<\/p>\n\t\t\t\t\t\t<\/div>\n\t\t\t\t<\/div>\n\t\t\t\t<div class=\"elementor-element elementor-element-20b89e4 elementor-widget__width-auto elementor-widget elementor-widget-jet-button\" data-id=\"20b89e4\" data-element_type=\"widget\" data-widget_type=\"jet-button.default\">\n\t\t\t\t<div class=\"elementor-widget-container\">\n\t\t\t<div class=\"elementor-jet-button jet-elements\"><div class=\"jet-button__container\">\n\t<a class=\"jet-button__instance jet-button__instance--icon-left hover-effect-0\" href=\"https:\/\/lemacarton.ro\/hu\/street-food\/\">\n\t\t<div class=\"jet-button__plane jet-button__plane-normal\"><\/div>\n\t\t<div class=\"jet-button__plane jet-button__plane-hover\"><\/div>\n\t\t<div class=\"jet-button__state jet-button__state-normal\">\n\t\t\t<span class=\"jet-button__label\">Street Food<\/span>\t\t<\/div>\n\t\t<div class=\"jet-button__state jet-button__state-hover\">\n\t\t\t<span class=\"jet-button__label\">Street Food<\/span>\t\t<\/div>\n\t<\/a>\n<\/div>\n<\/div>\t\t<\/div>\n\t\t\t\t<\/div>\n\t\t\t\t<div class=\"elementor-element elementor-element-54d164b elementor-widget__width-auto elementor-widget elementor-widget-jet-button\" data-id=\"54d164b\" data-element_type=\"widget\" data-widget_type=\"jet-button.default\">\n\t\t\t\t<div class=\"elementor-widget-container\">\n\t\t\t<div class=\"elementor-jet-button jet-elements\"><div class=\"jet-button__container\">\n\t<a class=\"jet-button__instance jet-button__instance--icon-left hover-effect-0\" href=\"https:\/\/lemacarton.ro\/hu\/#quote\">\n\t\t<div class=\"jet-button__plane jet-button__plane-normal\"><\/div>\n\t\t<div class=\"jet-button__plane jet-button__plane-hover\"><\/div>\n\t\t<div class=\"jet-button__state jet-button__state-normal\">\n\t\t\t<span class=\"jet-button__label\">SZABJA TESTRE DOBOZ\u00c1T<\/span>\t\t<\/div>\n\t\t<div class=\"jet-button__state jet-button__state-hover\">\n\t\t\t<span class=\"jet-button__label\">SZABJA TESTRE DOBOZ\u00c1T<\/span>\t\t<\/div>\n\t<\/a>\n<\/div>\n<\/div>\t\t<\/div>\n\t\t\t\t<\/div>\n\t\t\t\t\t<\/div>\n\t\t\t\t<\/div>\n\t\t\t\t\t<\/div>\n\t\t\t\t<\/div>\n\t\t<div class=\"elementor-element elementor-element-706c9a6 e-flex e-con-boxed e-con e-parent\" data-id=\"706c9a6\" data-element_type=\"container\" data-settings=\"{&quot;jet_parallax_layout_list&quot;:[]}\">\n\t\t\t\t\t<div class=\"e-con-inner\">\n\t\t<div class=\"elementor-element elementor-element-dd4ab83 e-con-full e-flex e-con e-child\" data-id=\"dd4ab83\" data-element_type=\"container\" data-settings=\"{&quot;background_background&quot;:&quot;classic&quot;,&quot;jet_parallax_layout_list&quot;:[]}\">\n\t\t\t\t<div class=\"elementor-element elementor-element-7a195fa jet-nav-align-flex-start elementor-widget elementor-widget-jet-nav-menu\" data-id=\"7a195fa\" data-element_type=\"widget\" data-widget_type=\"jet-nav-menu.default\">\n\t\t\t\t<div class=\"elementor-widget-container\">\n\t\t\t<nav class=\"jet-nav-wrap m-layout-tablet jet-mobile-menu jet-mobile-menu--full-width\" data-mobile-trigger-device=\"tablet\" data-mobile-layout=\"full-width\">\n<div class=\"jet-nav__mobile-trigger jet-nav-mobile-trigger-align-center\">\n\t<span class=\"jet-nav__mobile-trigger-open jet-blocks-icon\"><i aria-hidden=\"true\" class=\"fas fa-bars\"><\/i><\/span>\t<span class=\"jet-nav__mobile-trigger-close jet-blocks-icon\"><i aria-hidden=\"true\" class=\"fas fa-times\"><\/i><\/span><\/div><div class=\"menu-products-others-hu-container\"><div class=\"jet-nav m-layout-tablet jet-nav--vertical jet-nav--vertical-sub-bottom\"><div class=\"menu-item menu-item-type-post_type menu-item-object-produse jet-nav__item-3517 jet-nav__item\"><a href=\"https:\/\/lemacarton.ro\/hu\/termekek\/hamburger-doboz\/\" class=\"menu-item-link menu-item-link-depth-0 menu-item-link-top\"><span class=\"jet-nav-link-text\"><span>Hamburger doboz<\/span><img decoding=\"async\" width=\"45\" height=\"47\" src=\"https:\/\/lemacarton.ro\/wp-content\/uploads\/2020\/01\/icon-hamburger-box-1.png\" class=\"_mi _after _image\" alt=\"\" aria-hidden=\"true\" \/><\/span><\/a><\/div>\n<div class=\"menu-item menu-item-type-post_type menu-item-object-produse jet-nav__item-3568 jet-nav__item\"><a href=\"https:\/\/lemacarton.ro\/hu\/termekek\/hamburger-doboz-2\/\" class=\"menu-item-link menu-item-link-depth-0 menu-item-link-top\"><span class=\"jet-nav-link-text\"><span>Hamburger doboz 2<\/span><img decoding=\"async\" width=\"53\" height=\"31\" src=\"https:\/\/lemacarton.ro\/wp-content\/uploads\/2022\/08\/icon-hamburger-box-2.png\" class=\"_mi _after _image\" alt=\"\" aria-hidden=\"true\" \/><\/span><\/a><\/div>\n<div class=\"menu-item menu-item-type-post_type menu-item-object-produse jet-nav__item-3567 jet-nav__item\"><a href=\"https:\/\/lemacarton.ro\/hu\/termekek\/hamburger-doboz-3\/\" class=\"menu-item-link menu-item-link-depth-0 menu-item-link-top\"><span class=\"jet-nav-link-text\"><span>Hamburger doboz 3<\/span><img decoding=\"async\" width=\"58\" height=\"41\" src=\"https:\/\/lemacarton.ro\/wp-content\/uploads\/2022\/08\/icon-hamburger-box-3.png\" class=\"_mi _after _image\" alt=\"\" aria-hidden=\"true\" \/><\/span><\/a><\/div>\n<div class=\"menu-item menu-item-type-post_type menu-item-object-produse jet-nav__item-3569 jet-nav__item\"><a href=\"https:\/\/lemacarton.ro\/hu\/termekek\/kebab-doboz\/\" class=\"menu-item-link menu-item-link-depth-0 menu-item-link-top\"><span class=\"jet-nav-link-text\"><span>Kebab doboz<\/span><img loading=\"lazy\" decoding=\"async\" width=\"53\" height=\"29\" src=\"https:\/\/lemacarton.ro\/wp-content\/uploads\/2020\/02\/icon-kebab-box.png\" class=\"_mi _after _image\" alt=\"\" aria-hidden=\"true\" \/><\/span><\/a><\/div>\n<div class=\"menu-item menu-item-type-post_type menu-item-object-produse jet-nav__item-3510 jet-nav__item\"><a href=\"https:\/\/lemacarton.ro\/hu\/termekek\/szendvics-doboz\/\" class=\"menu-item-link menu-item-link-depth-0 menu-item-link-top\"><span class=\"jet-nav-link-text\">Szendvics doboz<\/span><\/a><\/div>\n<div class=\"menu-item menu-item-type-post_type menu-item-object-produse jet-nav__item-3515 jet-nav__item\"><a href=\"https:\/\/lemacarton.ro\/hu\/termekek\/pizza-szelet-tanyer\/\" class=\"menu-item-link menu-item-link-depth-0 menu-item-link-top\"><span class=\"jet-nav-link-text\">Pizza szelet t\u00e1ny\u00e9r<\/span><\/a><\/div>\n<div class=\"menu-item menu-item-type-post_type menu-item-object-produse jet-nav__item-3511 jet-nav__item\"><a href=\"https:\/\/lemacarton.ro\/hu\/termekek\/cake-cookie-delivery-box\/\" class=\"menu-item-link menu-item-link-depth-0 menu-item-link-top\"><span class=\"jet-nav-link-text\">Cake\/Cookie Delivery box<\/span><\/a><\/div>\n<div class=\"menu-item menu-item-type-post_type menu-item-object-produse jet-nav__item-3513 jet-nav__item\"><a href=\"https:\/\/lemacarton.ro\/hu\/termekek\/crate-top\/\" class=\"menu-item-link menu-item-link-depth-0 menu-item-link-top\"><span class=\"jet-nav-link-text\">Crate TOP<\/span><\/a><\/div>\n<div class=\"menu-item menu-item-type-post_type menu-item-object-produse jet-nav__item-3512 jet-nav__item\"><a href=\"https:\/\/lemacarton.ro\/hu\/termekek\/crate-bottom\/\" class=\"menu-item-link menu-item-link-depth-0 menu-item-link-top\"><span class=\"jet-nav-link-text\">Crate BOTTOM<\/span><\/a><\/div>\n<div class=\"menu-item menu-item-type-post_type menu-item-object-produse jet-nav__item-3514 jet-nav__item\"><a href=\"https:\/\/lemacarton.ro\/hu\/termekek\/foldable-small-shipping-box\/\" class=\"menu-item-link menu-item-link-depth-0 menu-item-link-top\"><span class=\"jet-nav-link-text\">Foldable Small Shipping box<\/span><\/a><\/div>\n<div class=\"menu-item menu-item-type-post_type menu-item-object-produse jet-nav__item-3516 jet-nav__item\"><a href=\"https:\/\/lemacarton.ro\/hu\/termekek\/ladak\/\" class=\"menu-item-link menu-item-link-depth-0 menu-item-link-top\"><span class=\"jet-nav-link-text\">L\u00e1d\u00e1k<\/span><\/a><\/div>\n<\/div><\/div><\/nav>\t\t<\/div>\n\t\t\t\t<\/div>\n\t\t\t\t<\/div>\n\t\t<div class=\"elementor-element elementor-element-7957b79 e-con-full e-flex e-con e-child\" data-id=\"7957b79\" data-element_type=\"container\" data-settings=\"{&quot;jet_parallax_layout_list&quot;:[]}\">\n\t\t\t\t<\/div>\n\t\t\t\t\t<\/div>\n\t\t\t\t<\/div>\n\t\t<div class=\"elementor-element elementor-element-379e181 e-flex e-con-boxed e-con e-parent\" data-id=\"379e181\" data-element_type=\"container\" data-settings=\"{&quot;background_background&quot;:&quot;gradient&quot;,&quot;jet_parallax_layout_list&quot;:[]}\">\n\t\t\t\t\t<div class=\"e-con-inner\">\n\t\t<div class=\"elementor-element elementor-element-cef75bb e-flex e-con-boxed e-con e-child\" data-id=\"cef75bb\" data-element_type=\"container\" data-settings=\"{&quot;background_background&quot;:&quot;gradient&quot;,&quot;jet_parallax_layout_list&quot;:[]}\">\n\t\t\t\t\t<div class=\"e-con-inner\">\n\t\t<div class=\"elementor-element elementor-element-84ccbb1 e-con-full e-flex e-con e-child\" data-id=\"84ccbb1\" data-element_type=\"container\" data-settings=\"{&quot;jet_parallax_layout_list&quot;:[],&quot;background_background&quot;:&quot;classic&quot;}\">\n\t\t\t\t<div class=\"jet-popup-target elementor-element elementor-element-e3443b3 elementor-widget elementor-widget-text-editor\" data-jet-popup=\"{&quot;attached-popup&quot;:&quot;jet-popup-&quot;,&quot;trigger-type&quot;:&quot;click-self&quot;,&quot;trigger-custom-selector&quot;:&quot;&quot;}\" data-id=\"e3443b3\" data-element_type=\"widget\" data-widget_type=\"text-editor.default\">\n\t\t\t\t<div class=\"elementor-widget-container\">\n\t\t\t\t\t\t\t<p>SZABJA TESTRE<br \/>\nDOBOZ\u00c1T<\/p>\n\t\t\t\t\t\t<\/div>\n\t\t\t\t<\/div>\n\t\t\t\t<\/div>\n\t\t<div class=\"elementor-element elementor-element-0df6b42 e-flex e-con-boxed e-con e-child\" data-id=\"0df6b42\" data-element_type=\"container\" data-settings=\"{&quot;jet_parallax_layout_list&quot;:[],&quot;background_background&quot;:&quot;classic&quot;}\">\n\t\t\t\t\t<div class=\"e-con-inner\">\n\t\t\t\t<div class=\"elementor-element elementor-element-8e580bc elementor-widget elementor-widget-image\" data-id=\"8e580bc\" data-element_type=\"widget\" data-widget_type=\"image.default\">\n\t\t\t\t<div class=\"elementor-widget-container\">\n\t\t\t\t\t\t\t\t\t\t\t\t\t<img loading=\"lazy\" decoding=\"async\" width=\"972\" height=\"368\" src=\"https:\/\/lemacarton.ro\/wp-content\/uploads\/2024\/01\/icon-group-productpage-2.png\" class=\"attachment-large size-large wp-image-3324\" alt=\"\" srcset=\"https:\/\/lemacarton.ro\/wp-content\/uploads\/2024\/01\/icon-group-productpage-2.png 972w, https:\/\/lemacarton.ro\/wp-content\/uploads\/2024\/01\/icon-group-productpage-2-300x114.png 300w, https:\/\/lemacarton.ro\/wp-content\/uploads\/2024\/01\/icon-group-productpage-2-768x291.png 768w, https:\/\/lemacarton.ro\/wp-content\/uploads\/2024\/01\/icon-group-productpage-2-600x227.png 600w\" sizes=\"(max-width: 972px) 100vw, 972px\" \/>\t\t\t\t\t\t\t\t\t\t\t\t\t<\/div>\n\t\t\t\t<\/div>\n\t\t\t\t<div class=\"jet-popup-target elementor-element elementor-element-67f739b elementor-widget elementor-widget-text-editor\" data-jet-popup=\"{&quot;attached-popup&quot;:&quot;jet-popup-&quot;,&quot;trigger-type&quot;:&quot;click-self&quot;,&quot;trigger-custom-selector&quot;:&quot;&quot;}\" data-id=\"67f739b\" data-element_type=\"widget\" data-widget_type=\"text-editor.default\">\n\t\t\t\t<div class=\"elementor-widget-container\">\n\t\t\t\t\t\t\t<p>SZAK\u00c9RT\u0150I CSAPATUNK SEG\u00cdT \u00d6NNEK A DOBOZ MINDEN R\u00c9SZLET\u00c9NEK TESTRESZAB\u00c1S\u00c1BAN!<\/p>\n\t\t\t\t\t\t<\/div>\n\t\t\t\t<\/div>\n\t\t\t\t\t<\/div>\n\t\t\t\t<\/div>\n\t\t\t\t\t<\/div>\n\t\t\t\t<\/div>\n\t\t\t\t\t<\/div>\n\t\t\t\t<\/div>\n\t\t\t\t<\/div>\n\t\t","protected":false},"excerpt":{"rendered":"<p>PIZZA DOBOZOK Street Food Street Food SZABJA TESTRE DOBOZ\u00c1T SZABJA TESTRE DOBOZ\u00c1T Hamburger Box 1 Hamburger Box 2 Hamburger Box 3 Kebab Box Sandwich Box Pizza slice Plates Cake\/Cookie Delivery box Crate TOP Crate BOTTOM Foldable Small Shipping box SZABJA TESTRE DOBOZ\u00c1T SZAK\u00c9RT\u0150I CSAPATUNK SEG\u00cdT \u00d6NNEK A DOBOZ MINDEN R\u00c9SZLET\u00c9NEK TESTRESZAB\u00c1S\u00c1BAN!<\/p>\n","protected":false},"author":42,"featured_media":0,"parent":0,"menu_order":0,"comment_status":"closed","ping_status":"closed","template":"elementor_header_footer","meta":{"_jf_save_progress":"","_jet_sm_ready_style":"","_jet_sm_style":"","_jet_sm_controls_values":"","_jet_sm_fonts_collection":"","_jet_sm_fonts_links":"","footnotes":""},"class_list":["post-3297","page","type-page","status-publish","hentry"],"yoast_head":"<!-- This site is optimized with the Yoast SEO plugin v22.2 - https:\/\/yoast.com\/wordpress\/plugins\/seo\/ -->\n<title>Street Food - Lemacarton<\/title>\n<meta name=\"robots\" content=\"index, follow, max-snippet:-1, max-image-preview:large, max-video-preview:-1\" \/>\n<link rel=\"canonical\" href=\"https:\/\/lemacarton.ro\/hu\/street-food\/\" \/>\n<meta property=\"og:locale\" content=\"hu_HU\" \/>\n<meta property=\"og:type\" content=\"article\" \/>\n<meta property=\"og:title\" content=\"Street Food - Lemacarton\" \/>\n<meta property=\"og:description\" content=\"PIZZA DOBOZOK Street Food Street Food SZABJA TESTRE DOBOZ\u00c1T SZABJA TESTRE DOBOZ\u00c1T Hamburger Box 1 Hamburger Box 2 Hamburger Box 3 Kebab Box Sandwich Box Pizza slice Plates Cake\/Cookie Delivery box Crate TOP Crate BOTTOM Foldable Small Shipping box SZABJA TESTRE DOBOZ\u00c1T SZAK\u00c9RT\u0150I CSAPATUNK SEG\u00cdT \u00d6NNEK A DOBOZ MINDEN R\u00c9SZLET\u00c9NEK TESTRESZAB\u00c1S\u00c1BAN!\" \/>\n<meta property=\"og:url\" content=\"https:\/\/lemacarton.ro\/hu\/street-food\/\" \/>\n<meta property=\"og:site_name\" content=\"Lemacarton\" \/>\n<meta property=\"article:modified_time\" content=\"2024-04-04T10:14:01+00:00\" \/>\n<meta property=\"og:image\" content=\"https:\/\/lemacarton.ro\/wp-content\/uploads\/2024\/01\/icon-group-productpage-2.png\" \/>\n<meta name=\"twitter:card\" content=\"summary_large_image\" \/>\n<meta name=\"twitter:label1\" content=\"Becs\u00fclt olvas\u00e1si id\u0151\" \/>\n\t<meta name=\"twitter:data1\" content=\"18 perc\" \/>\n<script type=\"application\/ld+json\" class=\"yoast-schema-graph\">{\"@context\":\"https:\/\/schema.org\",\"@graph\":[{\"@type\":\"WebPage\",\"@id\":\"https:\/\/lemacarton.ro\/hu\/street-food\/\",\"url\":\"https:\/\/lemacarton.ro\/hu\/street-food\/\",\"name\":\"Street Food - Lemacarton\",\"isPartOf\":{\"@id\":\"https:\/\/lemacarton.ro\/hu\/#website\"},\"primaryImageOfPage\":{\"@id\":\"https:\/\/lemacarton.ro\/hu\/street-food\/#primaryimage\"},\"image\":{\"@id\":\"https:\/\/lemacarton.ro\/hu\/street-food\/#primaryimage\"},\"thumbnailUrl\":\"https:\/\/lemacarton.ro\/wp-content\/uploads\/2024\/01\/icon-group-productpage-2.png\",\"datePublished\":\"2024-01-25T13:30:04+00:00\",\"dateModified\":\"2024-04-04T10:14:01+00:00\",\"breadcrumb\":{\"@id\":\"https:\/\/lemacarton.ro\/hu\/street-food\/#breadcrumb\"},\"inLanguage\":\"hu\",\"potentialAction\":[{\"@type\":\"ReadAction\",\"target\":[\"https:\/\/lemacarton.ro\/hu\/street-food\/\"]}]},{\"@type\":\"ImageObject\",\"inLanguage\":\"hu\",\"@id\":\"https:\/\/lemacarton.ro\/hu\/street-food\/#primaryimage\",\"url\":\"https:\/\/lemacarton.ro\/wp-content\/uploads\/2024\/01\/icon-group-productpage-2.png\",\"contentUrl\":\"https:\/\/lemacarton.ro\/wp-content\/uploads\/2024\/01\/icon-group-productpage-2.png\",\"width\":972,\"height\":368},{\"@type\":\"BreadcrumbList\",\"@id\":\"https:\/\/lemacarton.ro\/hu\/street-food\/#breadcrumb\",\"itemListElement\":[{\"@type\":\"ListItem\",\"position\":1,\"name\":\"Home\",\"item\":\"https:\/\/lemacarton.ro\/hu\/\"},{\"@type\":\"ListItem\",\"position\":2,\"name\":\"Street Food\"}]},{\"@type\":\"WebSite\",\"@id\":\"https:\/\/lemacarton.ro\/hu\/#website\",\"url\":\"https:\/\/lemacarton.ro\/hu\/\",\"name\":\"Lemacarton\",\"description\":\"\",\"publisher\":{\"@id\":\"https:\/\/lemacarton.ro\/hu\/#organization\"},\"potentialAction\":[{\"@type\":\"SearchAction\",\"target\":{\"@type\":\"EntryPoint\",\"urlTemplate\":\"https:\/\/lemacarton.ro\/hu\/?s={search_term_string}\"},\"query-input\":\"required name=search_term_string\"}],\"inLanguage\":\"hu\"},{\"@type\":\"Organization\",\"@id\":\"https:\/\/lemacarton.ro\/hu\/#organization\",\"name\":\"Lemacarton\",\"url\":\"https:\/\/lemacarton.ro\/hu\/\",\"logo\":{\"@type\":\"ImageObject\",\"inLanguage\":\"hu\",\"@id\":\"https:\/\/lemacarton.ro\/hu\/#\/schema\/logo\/image\/\",\"url\":\"https:\/\/lemacarton.ro\/wp-content\/uploads\/2020\/12\/logo-lemacarton-favicon.png\",\"contentUrl\":\"https:\/\/lemacarton.ro\/wp-content\/uploads\/2020\/12\/logo-lemacarton-favicon.png\",\"width\":160,\"height\":160,\"caption\":\"Lemacarton\"},\"image\":{\"@id\":\"https:\/\/lemacarton.ro\/hu\/#\/schema\/logo\/image\/\"}}]}<\/script>\n<!-- \/ Yoast SEO plugin. -->","yoast_head_json":{"title":"Street Food - Lemacarton","robots":{"index":"index","follow":"follow","max-snippet":"max-snippet:-1","max-image-preview":"max-image-preview:large","max-video-preview":"max-video-preview:-1"},"canonical":"https:\/\/lemacarton.ro\/hu\/street-food\/","og_locale":"hu_HU","og_type":"article","og_title":"Street Food - Lemacarton","og_description":"PIZZA DOBOZOK Street Food Street Food SZABJA TESTRE DOBOZ\u00c1T SZABJA TESTRE DOBOZ\u00c1T Hamburger Box 1 Hamburger Box 2 Hamburger Box 3 Kebab Box Sandwich Box Pizza slice Plates Cake\/Cookie Delivery box Crate TOP Crate BOTTOM Foldable Small Shipping box SZABJA TESTRE DOBOZ\u00c1T SZAK\u00c9RT\u0150I CSAPATUNK SEG\u00cdT \u00d6NNEK A DOBOZ MINDEN R\u00c9SZLET\u00c9NEK TESTRESZAB\u00c1S\u00c1BAN!","og_url":"https:\/\/lemacarton.ro\/hu\/street-food\/","og_site_name":"Lemacarton","article_modified_time":"2024-04-04T10:14:01+00:00","og_image":[{"url":"https:\/\/lemacarton.ro\/wp-content\/uploads\/2024\/01\/icon-group-productpage-2.png"}],"twitter_card":"summary_large_image","twitter_misc":{"Becs\u00fclt olvas\u00e1si id\u0151":"18 perc"},"schema":{"@context":"https:\/\/schema.org","@graph":[{"@type":"WebPage","@id":"https:\/\/lemacarton.ro\/hu\/street-food\/","url":"https:\/\/lemacarton.ro\/hu\/street-food\/","name":"Street Food - Lemacarton","isPartOf":{"@id":"https:\/\/lemacarton.ro\/hu\/#website"},"primaryImageOfPage":{"@id":"https:\/\/lemacarton.ro\/hu\/street-food\/#primaryimage"},"image":{"@id":"https:\/\/lemacarton.ro\/hu\/street-food\/#primaryimage"},"thumbnailUrl":"https:\/\/lemacarton.ro\/wp-content\/uploads\/2024\/01\/icon-group-productpage-2.png","datePublished":"2024-01-25T13:30:04+00:00","dateModified":"2024-04-04T10:14:01+00:00","breadcrumb":{"@id":"https:\/\/lemacarton.ro\/hu\/street-food\/#breadcrumb"},"inLanguage":"hu","potentialAction":[{"@type":"ReadAction","target":["https:\/\/lemacarton.ro\/hu\/street-food\/"]}]},{"@type":"ImageObject","inLanguage":"hu","@id":"https:\/\/lemacarton.ro\/hu\/street-food\/#primaryimage","url":"https:\/\/lemacarton.ro\/wp-content\/uploads\/2024\/01\/icon-group-productpage-2.png","contentUrl":"https:\/\/lemacarton.ro\/wp-content\/uploads\/2024\/01\/icon-group-productpage-2.png","width":972,"height":368},{"@type":"BreadcrumbList","@id":"https:\/\/lemacarton.ro\/hu\/street-food\/#breadcrumb","itemListElement":[{"@type":"ListItem","position":1,"name":"Home","item":"https:\/\/lemacarton.ro\/hu\/"},{"@type":"ListItem","position":2,"name":"Street Food"}]},{"@type":"WebSite","@id":"https:\/\/lemacarton.ro\/hu\/#website","url":"https:\/\/lemacarton.ro\/hu\/","name":"Lemacarton","description":"","publisher":{"@id":"https:\/\/lemacarton.ro\/hu\/#organization"},"potentialAction":[{"@type":"SearchAction","target":{"@type":"EntryPoint","urlTemplate":"https:\/\/lemacarton.ro\/hu\/?s={search_term_string}"},"query-input":"required name=search_term_string"}],"inLanguage":"hu"},{"@type":"Organization","@id":"https:\/\/lemacarton.ro\/hu\/#organization","name":"Lemacarton","url":"https:\/\/lemacarton.ro\/hu\/","logo":{"@type":"ImageObject","inLanguage":"hu","@id":"https:\/\/lemacarton.ro\/hu\/#\/schema\/logo\/image\/","url":"https:\/\/lemacarton.ro\/wp-content\/uploads\/2020\/12\/logo-lemacarton-favicon.png","contentUrl":"https:\/\/lemacarton.ro\/wp-content\/uploads\/2020\/12\/logo-lemacarton-favicon.png","width":160,"height":160,"caption":"Lemacarton"},"image":{"@id":"https:\/\/lemacarton.ro\/hu\/#\/schema\/logo\/image\/"}}]}},"_links":{"self":[{"href":"https:\/\/lemacarton.ro\/hu\/wp-json\/wp\/v2\/pages\/3297"}],"collection":[{"href":"https:\/\/lemacarton.ro\/hu\/wp-json\/wp\/v2\/pages"}],"about":[{"href":"https:\/\/lemacarton.ro\/hu\/wp-json\/wp\/v2\/types\/page"}],"author":[{"embeddable":true,"href":"https:\/\/lemacarton.ro\/hu\/wp-json\/wp\/v2\/users\/42"}],"replies":[{"embeddable":true,"href":"https:\/\/lemacarton.ro\/hu\/wp-json\/wp\/v2\/comments?post=3297"}],"version-history":[{"count":5,"href":"https:\/\/lemacarton.ro\/hu\/wp-json\/wp\/v2\/pages\/3297\/revisions"}],"predecessor-version":[{"id":3558,"href":"https:\/\/lemacarton.ro\/hu\/wp-json\/wp\/v2\/pages\/3297\/revisions\/3558"}],"wp:attachment":[{"href":"https:\/\/lemacarton.ro\/hu\/wp-json\/wp\/v2\/media?parent=3297"}],"curies":[{"name":"wp","href":"https:\/\/api.w.org\/{rel}","templated":true}]}}